{"id":126,"date":"2022-12-22T19:48:57","date_gmt":"2022-12-22T18:48:57","guid":{"rendered":"https:\/\/wp.cryptix.net\/locosmico\/en\/?page_id=126"},"modified":"2023-01-02T18:21:17","modified_gmt":"2023-01-02T17:21:17","slug":"la-ventanilla","status":"publish","type":"page","link":"https:\/\/locosmico.com\/de\/la-ventanilla\/","title":{"rendered":"La Ventanilla","raw":"La Ventanilla"},"content":{"rendered":"\n<h2 class=\"wp-block-heading\">Reisetipp: La Ventanilla<\/h2>\n\n\n\n<p>LA VENTANILLA ist ein offener Strand, wenige Kilometer hinter Mazunte. Ganz versteckt liegt hier eine Lagune mit vielen Krokodilen. Die Bewohner diese Orts f\u00fchren Besucher mit Ruderbooten durch dieses kleine Paradies, das auch eine grosse Vielfalt von V\u00f6geln beherbergt. In Ventanilla werden auch Pferde vermietet um dem unendlich langen Strand entlang zu reiten.<\/p>\n\n\n\n<figure class=\"wp-block-image\"><img data-recalc-dims=\"1\" loading=\"lazy\" decoding=\"async\" width=\"300\" height=\"225\" src=\"https:\/\/i0.wp.com\/wp.cryptix.net\/locosmico\/wp-content\/uploads\/sites\/58\/2022\/12\/00.06.04.jpg?resize=300%2C225\" alt=\"\" class=\"wp-image-88\"\/><figcaption class=\"wp-element-caption\">Krokodil im Park von La Ventanilla<\/figcaption><\/figure>\n","protected":false,"raw":"<!-- wp:heading -->\n<h2>Reisetipp: La Ventanilla<\/h2>\n<!-- \/wp:heading -->\n\n<!-- wp:paragraph -->\n<p>LA VENTANILLA ist ein offener Strand, wenige Kilometer hinter Mazunte. Ganz versteckt liegt hier eine Lagune mit vielen Krokodilen. Die Bewohner diese Orts f\u00fchren Besucher mit Ruderbooten durch dieses kleine Paradies, das auch eine grosse Vielfalt von V\u00f6geln beherbergt. In Ventanilla werden auch Pferde vermietet um dem unendlich langen Strand entlang zu reiten.<\/p>\n<!-- \/wp:paragraph -->\n\n<!-- wp:image {\"id\":88} -->\n<figure class=\"wp-block-image\"><img src=\"http:\/\/wp.cryptix.net\/locosmico\/wp-content\/uploads\/sites\/58\/2022\/12\/00.06.04.jpg\" alt=\"\" class=\"wp-image-88\"\/><figcaption class=\"wp-element-caption\">Krokodil im Park von La Ventanilla<\/figcaption><\/figure>\n<!-- \/wp:image -->"},"excerpt":{"rendered":"","protected":false,"raw":""},"author":10,"featured_media":0,"parent":0,"menu_order":0,"comment_status":"closed","ping_status":"closed","template":"","meta":{"_acf_changed":false,"_en_post_content":"<!-- wp:heading -->\n<h2>Traveling: La Ventanilla<\/h2>\n<!-- \/wp:heading -->\n\n<!-- wp:paragraph -->\n<p>LA VENTANILLA is an open beach, some kilometers behind Mazunte. There is a hidden lagune here with crocodiles, iguanas, turtles etc. Daily tours are made to this natural reserve and the nearby island with some animals in captivity. Another option is to rent a horse and ride along the endless and lonely beach of La Ventanilla.<\/p>\n<!-- \/wp:paragraph -->\n\n<!-- wp:image {\"id\":88} -->\n<figure class=\"wp-block-image\"><img src=\"http:\/\/wp.cryptix.net\/locosmico\/wp-content\/uploads\/sites\/58\/2022\/12\/00.06.04.jpg\" alt=\"\" class=\"wp-image-88\"\/><figcaption class=\"wp-element-caption\">Crocodile in La Ventanilla<\/figcaption><\/figure>\n<!-- \/wp:image -->","_en_post_name":"la-ventanilla","_en_post_excerpt":"","_en_post_title":"La Ventanilla","_es_post_content":"<!-- wp:heading -->\n<h2>Consejo para viajar: La Ventanilla<\/h2>\n<!-- \/wp:heading -->\n\n<!-- wp:paragraph -->\n<p>LA VENTANILLA es una playa abierta a pocos kilometros de Mazunte.Aqu\u00ed se pueden rentar caballos para cabalgar sobre la arena de esta inmensa playa.Pero la sorpresa de este lugar es una laguna escondida y preciosa , en la cu\u00e1l viven muchos cocodrilos de todos los tama\u00f1os. Los habitantes de la Ventanilla hacen paseos con lanchas de remo por este peque\u00f1o para\u00edso, que tambi\u00e9n es un refugio para una diversidad muy grande de p\u00e1jaros. Muchos de ellos vienen de lejos para anidar en esta laguna. En la isla puedes comer algo o simplemente tomar un agua de coco de las palmeras de este lugar.<\/p>\n<!-- \/wp:paragraph -->\n\n<!-- wp:image {\"id\":88} -->\n<figure class=\"wp-block-image\"><img src=\"http:\/\/wp.cryptix.net\/locosmico\/wp-content\/uploads\/sites\/58\/2022\/12\/00.06.04.jpg\" alt=\"\" class=\"wp-image-88\"\/><figcaption class=\"wp-element-caption\">Cocodrilo en la laguna de Ventanilla<\/figcaption><\/figure>\n<!-- \/wp:image -->","_es_post_name":"la-ventanilla","_es_post_excerpt":"","_es_post_title":"La Ventanilla","_de_post_content":"<!-- wp:heading -->\n<h2>Reisetipp: La Ventanilla<\/h2>\n<!-- \/wp:heading -->\n\n<!-- wp:paragraph -->\n<p>LA VENTANILLA ist ein offener Strand, wenige Kilometer hinter Mazunte. Ganz versteckt liegt hier eine Lagune mit vielen Krokodilen. Die Bewohner diese Orts f\u00fchren Besucher mit Ruderbooten durch dieses kleine Paradies, das auch eine grosse Vielfalt von V\u00f6geln beherbergt. In Ventanilla werden auch Pferde vermietet um dem unendlich langen Strand entlang zu reiten.<\/p>\n<!-- \/wp:paragraph -->\n\n<!-- wp:image {\"id\":88} -->\n<figure class=\"wp-block-image\"><img src=\"http:\/\/wp.cryptix.net\/locosmico\/wp-content\/uploads\/sites\/58\/2022\/12\/00.06.04.jpg\" alt=\"\" class=\"wp-image-88\"\/><figcaption class=\"wp-element-caption\">Krokodil im Park von La Ventanilla<\/figcaption><\/figure>\n<!-- \/wp:image -->","_de_post_name":"la-ventanilla","_de_post_excerpt":"","_de_post_title":"La Ventanilla","edit_language":"de","footnotes":""},"class_list":["post-126","page","type-page","status-publish","hentry","entry"],"acf":[],"jetpack_sharing_enabled":true,"_links":{"self":[{"href":"https:\/\/locosmico.com\/de\/wp-json\/wp\/v2\/pages\/126","targetHints":{"allow":["GET"]}}],"collection":[{"href":"https:\/\/locosmico.com\/de\/wp-json\/wp\/v2\/pages"}],"about":[{"href":"https:\/\/locosmico.com\/de\/wp-json\/wp\/v2\/types\/page"}],"author":[{"embeddable":true,"href":"https:\/\/locosmico.com\/de\/wp-json\/wp\/v2\/users\/10"}],"replies":[{"embeddable":true,"href":"https:\/\/locosmico.com\/de\/wp-json\/wp\/v2\/comments?post=126"}],"version-history":[{"count":5,"href":"https:\/\/locosmico.com\/de\/wp-json\/wp\/v2\/pages\/126\/revisions"}],"predecessor-version":[{"id":272,"href":"https:\/\/locosmico.com\/de\/wp-json\/wp\/v2\/pages\/126\/revisions\/272"}],"wp:attachment":[{"href":"https:\/\/locosmico.com\/de\/wp-json\/wp\/v2\/media?parent=126"}],"curies":[{"name":"wp","href":"https:\/\/api.w.org\/{rel}","templated":true}]}}