{"id":107,"date":"2022-12-22T19:17:32","date_gmt":"2022-12-22T18:17:32","guid":{"rendered":"https:\/\/wp.cryptix.net\/locosmico\/en\/?page_id=107"},"modified":"2026-02-07T04:02:44","modified_gmt":"2026-02-07T03:02:44","slug":"contact","status":"publish","type":"page","link":"https:\/\/locosmico.com\/en\/contact\/","title":{"rendered":"Contact"},"content":{"rendered":"\n<h3 class=\"wp-block-heading\">How can I get in touch with Lo C\u00f3smico?<\/h3>\n\n\n\n<p>If you would like to inquire about our rooms, please fill in the reservation inquiry form <strong><a href=\"https:\/\/www.jotform.com\/form\/240186787365872\">here<\/a><\/strong> or send us a message at <a href=\"mailto:info@locosmico.com\">info@locosmico.com<\/a>. <\/p>\n\n\n\n<p>If you want to reach a specific member of the Lo C\u00f3smico Family, you can reach us here (Please use only for personal messages):<\/p>\n\n\n\n<p class=\"is-style-no-margin-vertical has-small-font-size\">Antonio: <span style=\"text-decoration: underline\"><a href=\"mailto:antonio@locosmico.com\">antonio@locosmico.com<\/a><\/span><br>Regula: <span style=\"text-decoration: underline\"><a href=\"mailto:regula@locosmico.com\">regula@locosmico.com<\/a><\/span><br>Violeta: <span style=\"text-decoration: underline\"><a href=\"mailto:violeta@locosmico.com\">violeta@locosmico.com<\/a><\/span><br><span style=\"text-decoration: underline\"><\/span><\/p>\n\n\n\n<p class=\"is-style-no-margin-vertical\">Other ways to reach us:<\/p>\n\n\n\n<ul class=\"wp-block-list\">\n<li>Snail-Mail: Lo C\u00f3smico, Aptdo. Postal 36, 70900 Pochutla, Oaxaca, Mexico<\/li>\n\n\n\n<li>Phone or WhatsApp: +52 9581022697<\/li>\n<\/ul>\n\n\n\n<ul class=\"wp-block-social-links aligncenter is-content-justification-center is-layout-flex wp-container-core-social-links-is-layout-a89b3969 wp-block-social-links-is-layout-flex\"><li class=\"wp-social-link wp-social-link-facebook  wp-block-social-link\"><a href=\"https:\/\/facebook.com\/locosmico\" class=\"wp-block-social-link-anchor\"><svg width=\"24\" height=\"24\" viewBox=\"0 0 24 24\" version=\"1.1\" xmlns=\"http:\/\/www.w3.org\/2000\/svg\" aria-hidden=\"true\" focusable=\"false\"><path d=\"M12 2C6.5 2 2 6.5 2 12c0 5 3.7 9.1 8.4 9.9v-7H7.9V12h2.5V9.8c0-2.5 1.5-3.9 3.8-3.9 1.1 0 2.2.2 2.2.2v2.5h-1.3c-1.2 0-1.6.8-1.6 1.6V12h2.8l-.4 2.9h-2.3v7C18.3 21.1 22 17 22 12c0-5.5-4.5-10-10-10z\"><\/path><\/svg><span class=\"wp-block-social-link-label screen-reader-text\">Facebook<\/span><\/a><\/li>\n\n<li class=\"wp-social-link wp-social-link-google  wp-block-social-link\"><a href=\"https:\/\/www.google.co.ve\/travel\/hotels\/entity\/CgsIkaTHht6IhoqdARAB?ei=r8N7ZYSsDKCbrcUPtPCksAs&#038;sa=X&#038;utm_campaign=sharing&#038;utm_medium=link&#038;utm_source=htls&#038;ved=0CAAQ5JsGahcKEwiI0O6_j--DAxUAAAAAHQAAAAAQBA&#038;ts=CAEaIAoCGgASGhIUCgcI6A8QARgYEgcI6A8QARgZGAEyAhAAKgQKABoA\" class=\"wp-block-social-link-anchor\"><svg width=\"24\" height=\"24\" viewBox=\"0 0 24 24\" version=\"1.1\" xmlns=\"http:\/\/www.w3.org\/2000\/svg\" aria-hidden=\"true\" focusable=\"false\"><path d=\"M12.02,10.18v3.72v0.01h5.51c-0.26,1.57-1.67,4.22-5.5,4.22c-3.31,0-6.01-2.75-6.01-6.12s2.7-6.12,6.01-6.12 c1.87,0,3.13,0.8,3.85,1.48l2.84-2.76C16.99,2.99,14.73,2,12.03,2c-5.52,0-10,4.48-10,10s4.48,10,10,10c5.77,0,9.6-4.06,9.6-9.77 c0-0.83-0.11-1.42-0.25-2.05H12.02z\"><\/path><\/svg><span class=\"wp-block-social-link-label screen-reader-text\">Google<\/span><\/a><\/li>\n\n<li class=\"wp-social-link wp-social-link-instagram  wp-block-social-link\"><a href=\"https:\/\/instagram.com\/locosmico.zipolite\" class=\"wp-block-social-link-anchor\"><svg width=\"24\" height=\"24\" viewBox=\"0 0 24 24\" version=\"1.1\" xmlns=\"http:\/\/www.w3.org\/2000\/svg\" aria-hidden=\"true\" focusable=\"false\"><path d=\"M12,4.622c2.403,0,2.688,0.009,3.637,0.052c0.877,0.04,1.354,0.187,1.671,0.31c0.42,0.163,0.72,0.358,1.035,0.673 c0.315,0.315,0.51,0.615,0.673,1.035c0.123,0.317,0.27,0.794,0.31,1.671c0.043,0.949,0.052,1.234,0.052,3.637 s-0.009,2.688-0.052,3.637c-0.04,0.877-0.187,1.354-0.31,1.671c-0.163,0.42-0.358,0.72-0.673,1.035 c-0.315,0.315-0.615,0.51-1.035,0.673c-0.317,0.123-0.794,0.27-1.671,0.31c-0.949,0.043-1.233,0.052-3.637,0.052 s-2.688-0.009-3.637-0.052c-0.877-0.04-1.354-0.187-1.671-0.31c-0.42-0.163-0.72-0.358-1.035-0.673 c-0.315-0.315-0.51-0.615-0.673-1.035c-0.123-0.317-0.27-0.794-0.31-1.671C4.631,14.688,4.622,14.403,4.622,12 s0.009-2.688,0.052-3.637c0.04-0.877,0.187-1.354,0.31-1.671c0.163-0.42,0.358-0.72,0.673-1.035 c0.315-0.315,0.615-0.51,1.035-0.673c0.317-0.123,0.794-0.27,1.671-0.31C9.312,4.631,9.597,4.622,12,4.622 M12,3 C9.556,3,9.249,3.01,8.289,3.054C7.331,3.098,6.677,3.25,6.105,3.472C5.513,3.702,5.011,4.01,4.511,4.511 c-0.5,0.5-0.808,1.002-1.038,1.594C3.25,6.677,3.098,7.331,3.054,8.289C3.01,9.249,3,9.556,3,12c0,2.444,0.01,2.751,0.054,3.711 c0.044,0.958,0.196,1.612,0.418,2.185c0.23,0.592,0.538,1.094,1.038,1.594c0.5,0.5,1.002,0.808,1.594,1.038 c0.572,0.222,1.227,0.375,2.185,0.418C9.249,20.99,9.556,21,12,21s2.751-0.01,3.711-0.054c0.958-0.044,1.612-0.196,2.185-0.418 c0.592-0.23,1.094-0.538,1.594-1.038c0.5-0.5,0.808-1.002,1.038-1.594c0.222-0.572,0.375-1.227,0.418-2.185 C20.99,14.751,21,14.444,21,12s-0.01-2.751-0.054-3.711c-0.044-0.958-0.196-1.612-0.418-2.185c-0.23-0.592-0.538-1.094-1.038-1.594 c-0.5-0.5-1.002-0.808-1.594-1.038c-0.572-0.222-1.227-0.375-2.185-0.418C14.751,3.01,14.444,3,12,3L12,3z M12,7.378 c-2.552,0-4.622,2.069-4.622,4.622S9.448,16.622,12,16.622s4.622-2.069,4.622-4.622S14.552,7.378,12,7.378z M12,15 c-1.657,0-3-1.343-3-3s1.343-3,3-3s3,1.343,3,3S13.657,15,12,15z M16.804,6.116c-0.596,0-1.08,0.484-1.08,1.08 s0.484,1.08,1.08,1.08c0.596,0,1.08-0.484,1.08-1.08S17.401,6.116,16.804,6.116z\"><\/path><\/svg><span class=\"wp-block-social-link-label screen-reader-text\">Instagram<\/span><\/a><\/li><\/ul>\n","protected":false},"excerpt":{"rendered":"<div class=\"entry-summary\">\n<div class=\"entry-summary\">\nHow can I get in touch with Lo C\u00f3smico? If you would like to inquire about our rooms, please fill in the reservation inquiry form here or send us a message at info@locosmico.com. If you want to reach a specific&hellip;\n<\/div>\n<div class=\"link-more\"><a href=\"https:\/\/locosmico.com\/en\/contact\/\" class=\"more-link\">Continue reading<span class=\"screen-reader-text\"> &ldquo;Contact&rdquo;<\/span>&hellip;<\/a><\/div>\n<\/div>\n<div class=\"link-more\"><a href=\"https:\/\/locosmico.com\/en\/contact\/\" class=\"more-link\">Continue reading<span class=\"screen-reader-text\"> &ldquo;Contact&rdquo;<\/span>&hellip;<\/a><\/div>\n","protected":false},"author":10,"featured_media":0,"parent":0,"menu_order":0,"comment_status":"closed","ping_status":"closed","template":"","meta":{"_acf_changed":false,"_en_post_content":"<!-- wp:heading {\"level\":3} -->\n<h3 class=\"wp-block-heading\">How can I get in touch with Lo C\u00f3smico?<\/h3>\n<!-- \/wp:heading -->\n\n<!-- wp:paragraph -->\n<p>If you would like to inquire about our rooms, please fill in the reservation inquiry form <strong><a href=\"https:\/\/www.jotform.com\/form\/240186787365872\">here<\/a><\/strong> or send us a message at <a href=\"mailto:info@locosmico.com\">info@locosmico.com<\/a>. <\/p>\n<!-- \/wp:paragraph -->\n\n<!-- wp:paragraph -->\n<p>If you want to reach a specific member of the Lo C\u00f3smico Family, you can reach us here (Please use only for personal messages):<\/p>\n<!-- \/wp:paragraph -->\n\n<!-- wp:paragraph {\"className\":\"is-style-no-margin-vertical\",\"fontSize\":\"small\"} -->\n<p class=\"is-style-no-margin-vertical has-small-font-size\">Antonio: <span style=\"text-decoration: underline\"><a href=\"mailto:antonio@locosmico.com\">antonio@locosmico.com<\/a><\/span><br>Regula: <span style=\"text-decoration: underline\"><a href=\"mailto:regula@locosmico.com\">regula@locosmico.com<\/a><\/span><br>Violeta: <span style=\"text-decoration: underline\"><a href=\"mailto:violeta@locosmico.com\">violeta@locosmico.com<\/a><\/span><br><span style=\"text-decoration: underline\"><\/span><\/p>\n<!-- \/wp:paragraph -->\n\n<!-- wp:paragraph {\"className\":\"is-style-no-margin-vertical\"} -->\n<p class=\"is-style-no-margin-vertical\">Other ways to reach us:<\/p>\n<!-- \/wp:paragraph -->\n\n<!-- wp:list -->\n<ul class=\"wp-block-list\"><!-- wp:list-item -->\n<li>Snail-Mail: Lo C\u00f3smico, Aptdo. Postal 36, 70900 Pochutla, Oaxaca, Mexico<\/li>\n<!-- \/wp:list-item -->\n\n<!-- wp:list-item -->\n<li>Phone or WhatsApp: +52 9581022697<\/li>\n<!-- \/wp:list-item --><\/ul>\n<!-- \/wp:list -->\n\n<!-- wp:social-links {\"align\":\"center\",\"layout\":{\"type\":\"flex\",\"justifyContent\":\"center\"}} -->\n<ul class=\"wp-block-social-links aligncenter\"><!-- wp:social-link {\"url\":\"facebook.com\/locosmico\",\"service\":\"facebook\"} \/-->\n\n<!-- wp:social-link {\"url\":\"https:\/\/www.google.co.ve\/travel\/hotels\/entity\/CgsIkaTHht6IhoqdARAB?ei=r8N7ZYSsDKCbrcUPtPCksAs\\u0026amp;sa=X\\u0026amp;utm_campaign=sharing\\u0026amp;utm_medium=link\\u0026amp;utm_source=htls\\u0026amp;ved=0CAAQ5JsGahcKEwiI0O6_j\\u002d\\u002dDAxUAAAAAHQAAAAAQBA\\u0026amp;ts=CAEaIAoCGgASGhIUCgcI6A8QARgYEgcI6A8QARgZGAEyAhAAKgQKABoA\",\"service\":\"google\"} \/-->\n\n<!-- wp:social-link {\"url\":\"instagram.com\/locosmico.zipolite\",\"service\":\"instagram\"} \/--><\/ul>\n<!-- \/wp:social-links -->","_en_post_name":"contact","_en_post_excerpt":"","_en_post_title":"Contact","_es_post_content":"<!-- wp:heading {\"level\":3} -->\n<h3 class=\"wp-block-heading\">\u00bfC\u00f3mo puedo contactar a Lo C\u00f3smico?<\/h3>\n<!-- \/wp:heading -->\n\n<!-- wp:paragraph -->\n<p>Si desea realizar alguna consulta sobre nuestras habitaciones, rellene el formulario de consulta de reserva <a href=\"https:\/\/www.jotform.com\/form\/240186787365872\"><strong>aqu\u00ed<\/strong><\/a> o escr\u00edbanos a <a href=\"mailto:info@locosmico.com\">info@locosmico.com<\/a>. <\/p>\n<!-- \/wp:paragraph -->\n\n<!-- wp:paragraph -->\n<p>Si desea comunicarse con un miembro espec\u00edfico de la Familia Lo C\u00f3smico, puede comunicarse con nosotros aqu\u00ed (Favor de utilizar estas direcciones \u00fanicamente para mensajes personales):<\/p>\n<!-- \/wp:paragraph -->\n\n<!-- wp:paragraph {\"fontSize\":\"small\"} -->\n<p class=\"has-small-font-size\">Antonio: <span style=\"text-decoration: underline;\"><a href=\"mailto:antonio@locosmico.com\">antonio@locosmico.com<\/a><\/span><br>Regula: <span style=\"text-decoration: underline;\"><a href=\"mailto:regula@locosmico.com\">regula@locosmico.com<\/a><\/span><br>Violeta: <span style=\"text-decoration: underline;\"><a href=\"mailto:violeta@locosmico.com\">violeta@locosmico.com<\/a><\/span><\/p>\n<!-- \/wp:paragraph -->\n\n<!-- wp:paragraph {\"className\":\"is-style-no-margin-vertical\"} -->\n<p class=\"is-style-no-margin-vertical\">Otras formas de contactarnos:<\/p>\n<!-- \/wp:paragraph -->\n\n<!-- wp:list -->\n<ul class=\"wp-block-list\"><!-- wp:list-item -->\n<li>Correo postal: Lo C\u00f3smico, Aptdo. Postal 36, 70900 Pochutla, Oaxaca, Mexico<\/li>\n<!-- \/wp:list-item -->\n\n<!-- wp:list-item -->\n<li>Tel\u00e9fono o WhatsApp: +52 9581022697<\/li>\n<!-- \/wp:list-item --><\/ul>\n<!-- \/wp:list -->\n\n<!-- wp:social-links {\"align\":\"center\",\"layout\":{\"type\":\"flex\",\"justifyContent\":\"center\"}} -->\n<ul class=\"wp-block-social-links aligncenter\"><!-- wp:social-link {\"url\":\"facebook.com\/locosmico\",\"service\":\"facebook\"} \/-->\n\n<!-- wp:social-link {\"url\":\"https:\/\/www.google.co.ve\/travel\/hotels\/entity\/CgsIkaTHht6IhoqdARAB?ei=r8N7ZYSsDKCbrcUPtPCksAs\\u0026sa=X\\u0026utm_campaign=sharing\\u0026utm_medium=link\\u0026utm_source=htls\\u0026ved=0CAAQ5JsGahcKEwiI0O6_j\\u002d\\u002dDAxUAAAAAHQAAAAAQBA\\u0026ts=CAEaIAoCGgASGhIUCgcI6A8QARgYEgcI6A8QARgZGAEyAhAAKgQKABoA\",\"service\":\"google\"} \/-->\n\n<!-- wp:social-link {\"url\":\"instagram.com\/locosmico.zipolite\",\"service\":\"instagram\"} \/--><\/ul>\n<!-- \/wp:social-links -->","_es_post_name":"contact","_es_post_excerpt":"","_es_post_title":"Contacto","_de_post_content":"<!-- wp:heading {\"level\":3} -->\n<h3 class=\"wp-block-heading\">Wie kontaktierte ich das Lo C\u00f3smico?<\/h3>\n<!-- \/wp:heading -->\n\n<!-- wp:paragraph -->\n<p>Wenn Sie sich \u00fcber unsere Zimmer erkundigen m\u00f6chten, f\u00fcllen Sie bitte <strong><a href=\"https:\/\/www.jotform.com\/form\/240186787365872\">hier<\/a><\/strong> das Reservierungsanfrageformular aus oder schreiben Sie uns an <a href=\"mailto:info@locosmico.com\">info@locosmico.com<\/a>.<\/p>\n<!-- \/wp:paragraph -->\n\n<!-- wp:paragraph -->\n<p>Wenn Sie ein bestimmtes Mitglied der Lo C\u00f3smico-Familie erreichen m\u00f6chten, k\u00f6nnen Sie uns hier erreichen (Bitte nur f\u00fcr pers\u00f6nliche Nachrichten benutzen):<\/p>\n<!-- \/wp:paragraph -->\n\n<!-- wp:paragraph {\"className\":\"is-style-no-margin-vertical\",\"fontSize\":\"small\"} -->\n<p class=\"is-style-no-margin-vertical has-small-font-size\">Antonio: <span style=\"text-decoration: underline;\"><a href=\"mailto:antonio@locosmico.com\">antonio@locosmico.com<\/a><\/span><br>Regula: <span style=\"text-decoration: underline;\"><a href=\"mailto:regula@locosmico.com\">regula@locosmico.com<\/a><\/span><br>Violeta: <span style=\"text-decoration: underline;\"><a href=\"mailto:violeta@locosmico.com\">violeta@locosmico.com<\/a><\/span><br><span style=\"text-decoration: underline;\"><\/span><\/p>\n<!-- \/wp:paragraph -->\n\n<!-- wp:paragraph {\"className\":\"is-style-no-margin-vertical\"} -->\n<p class=\"is-style-no-margin-vertical\"> Weitere Kontaktm\u00f6glichkeiten:<\/p>\n<!-- \/wp:paragraph -->\n\n<!-- wp:list -->\n<ul class=\"wp-block-list\"><!-- wp:list-item -->\n<li>Per Post: Lo C\u00f3smico, Aptdo. Postal 36, 70900 Pochutla, Oaxaca, Mexico<\/li>\n<!-- \/wp:list-item -->\n\n<!-- wp:list-item -->\n<li>Telefon oder WhatsApp: +52 9581022697<\/li>\n<!-- \/wp:list-item --><\/ul>\n<!-- \/wp:list -->\n\n<!-- wp:social-links {\"align\":\"center\",\"layout\":{\"type\":\"flex\",\"justifyContent\":\"center\"}} -->\n<ul class=\"wp-block-social-links aligncenter\"><!-- wp:social-link {\"url\":\"facebook.com\/locosmico\",\"service\":\"facebook\"} \/-->\n\n<!-- wp:social-link {\"url\":\"https:\/\/www.google.co.ve\/travel\/hotels\/entity\/CgsIkaTHht6IhoqdARAB?ei=r8N7ZYSsDKCbrcUPtPCksAs\\u0026sa=X\\u0026utm_campaign=sharing\\u0026utm_medium=link\\u0026utm_source=htls\\u0026ved=0CAAQ5JsGahcKEwiI0O6_j\\u002d\\u002dDAxUAAAAAHQAAAAAQBA\\u0026ts=CAEaIAoCGgASGhIUCgcI6A8QARgYEgcI6A8QARgZGAEyAhAAKgQKABoA\",\"service\":\"google\"} \/-->\n\n<!-- wp:social-link {\"url\":\"instagram.com\/locosmico.zipolite\",\"service\":\"instagram\"} \/--><\/ul>\n<!-- \/wp:social-links -->","_de_post_name":"contact","_de_post_excerpt":"","_de_post_title":"Kontakt","edit_language":"en","footnotes":""},"class_list":["post-107","page","type-page","status-publish","hentry","entry"],"acf":[],"jetpack_sharing_enabled":true,"_links":{"self":[{"href":"https:\/\/locosmico.com\/en\/wp-json\/wp\/v2\/pages\/107","targetHints":{"allow":["GET"]}}],"collection":[{"href":"https:\/\/locosmico.com\/en\/wp-json\/wp\/v2\/pages"}],"about":[{"href":"https:\/\/locosmico.com\/en\/wp-json\/wp\/v2\/types\/page"}],"author":[{"embeddable":true,"href":"https:\/\/locosmico.com\/en\/wp-json\/wp\/v2\/users\/10"}],"replies":[{"embeddable":true,"href":"https:\/\/locosmico.com\/en\/wp-json\/wp\/v2\/comments?post=107"}],"version-history":[{"count":20,"href":"https:\/\/locosmico.com\/en\/wp-json\/wp\/v2\/pages\/107\/revisions"}],"predecessor-version":[{"id":624,"href":"https:\/\/locosmico.com\/en\/wp-json\/wp\/v2\/pages\/107\/revisions\/624"}],"wp:attachment":[{"href":"https:\/\/locosmico.com\/en\/wp-json\/wp\/v2\/media?parent=107"}],"curies":[{"name":"wp","href":"https:\/\/api.w.org\/{rel}","templated":true}]}}