{"id":118,"date":"2022-12-22T19:20:40","date_gmt":"2022-12-22T18:20:40","guid":{"rendered":"https:\/\/wp.cryptix.net\/locosmico\/en\/?page_id=118"},"modified":"2023-01-04T21:48:37","modified_gmt":"2023-01-04T20:48:37","slug":"oaxaca","status":"publish","type":"page","link":"https:\/\/locosmico.com\/en\/oaxaca\/","title":{"rendered":"Oaxaca"},"content":{"rendered":"\n<h2 class=\"wp-block-heading\">Traveling: Oaxaca<\/h2>\n\n\n\n<p>OAXACA, capital of the state, is one of Mexicos finest cities. Located about 6 h from Zipolite, it is in the middle of the trip from Mexico City to Zipolite and therefore makes a nice resting spot for spending the night.<\/p>\n\n\n\n<p>Be sure to plan more than one nights, as Oaxaca offers a lovely pedestrian aera with lots of cafes, restaurants, shops, art galleries, museums, concerts, traditional events (e.g. the Gueleguletza in july) etc. We especially recommend the Santa Domingo church with its museum about Oaxaca and its botanical garden.<\/p>\n\n\n\n<figure class=\"wp-block-image\"><img data-recalc-dims=\"1\" loading=\"lazy\" decoding=\"async\" width=\"300\" height=\"225\" src=\"https:\/\/i0.wp.com\/locosmico.com\/wp-content\/uploads\/sites\/58\/2022\/12\/00.06.08.jpg?resize=300%2C225&#038;ssl=1\" alt=\"\" class=\"wp-image-68\"\/><figcaption class=\"wp-element-caption\">The famous Santa Domingo church of Oaxaca<\/figcaption><\/figure>\n","protected":false},"excerpt":{"rendered":"<div class=\"entry-summary\">\n<div class=\"entry-summary\">\nTraveling: Oaxaca OAXACA, capital of the state, is one of Mexicos finest cities. Located about 6 h from Zipolite, it is in the middle of the trip from Mexico City to Zipolite and therefore makes a nice resting spot for&hellip;\n<\/div>\n<div class=\"link-more\"><a href=\"https:\/\/locosmico.com\/en\/oaxaca\/\" class=\"more-link\">Continue reading<span class=\"screen-reader-text\"> &ldquo;Oaxaca&rdquo;<\/span>&hellip;<\/a><\/div>\n<\/div>\n<div class=\"link-more\"><a href=\"https:\/\/locosmico.com\/en\/oaxaca\/\" class=\"more-link\">Continue reading<span class=\"screen-reader-text\"> &ldquo;Oaxaca&rdquo;<\/span>&hellip;<\/a><\/div>\n","protected":false},"author":10,"featured_media":0,"parent":0,"menu_order":0,"comment_status":"closed","ping_status":"closed","template":"","meta":{"_acf_changed":false,"_en_post_content":"<!-- wp:heading -->\n<h2>Traveling: Oaxaca<\/h2>\n<!-- \/wp:heading -->\n\n<!-- wp:paragraph -->\n<p>OAXACA, capital of the state, is one of Mexicos finest cities. Located about 6 h from Zipolite, it is in the middle of the trip from Mexico City to Zipolite and therefore makes a nice resting spot for spending the night.<\/p>\n<!-- \/wp:paragraph -->\n\n<!-- wp:paragraph -->\n<p>Be sure to plan more than one nights, as Oaxaca offers a lovely pedestrian aera with lots of cafes, restaurants, shops, art galleries, museums, concerts, traditional events (e.g. the Gueleguletza in july) etc. We especially recommend the Santa Domingo church with its museum about Oaxaca and its botanical garden.<\/p>\n<!-- \/wp:paragraph -->\n\n<!-- wp:image {\"id\":68} -->\n<figure class=\"wp-block-image\"><img src=\"https:\/\/locosmico.com\/wp-content\/uploads\/sites\/58\/2022\/12\/00.06.08.jpg\" alt=\"\" class=\"wp-image-68\"\/><figcaption class=\"wp-element-caption\">The famous Santa Domingo church of Oaxaca<\/figcaption><\/figure>\n<!-- \/wp:image -->","_en_post_name":"oaxaca","_en_post_excerpt":"","_en_post_title":"Oaxaca","_es_post_content":"<!-- wp:heading -->\n<h2>Consejo para viajar: Oaxaca<\/h2>\n<!-- \/wp:heading -->\n\n<!-- wp:paragraph -->\n<p>OAXACA, la capital del estado con el mismo nombre es una de las ciudades coloniales m\u00e1s bonitas de Mexico. Su coraz\u00f3n es el z\u00f3calo, donde se encuentran los lugare\u00f1os y los turistas. Arboles grand\u00edsimos dan sombra a todos los que disfrutan de esta hermosa plaza; los ni\u00f1os que juegan con unos globos muy largos, los enamorados, los vendedores, los m\u00fasicos. Alrededor de la plaza hay restaurantes donde te puedes sentar bajo los arcos y tomar o comer algo t\u00edpico de esta ciudad. Seguramente te van a ofrecer unos chapulines, que son un antojito t\u00edpico de aqu\u00ed y un mezcal de Oaxaca! Desde el z\u00f3calo hay una zona peatonal que llega hasta el convento de Santo Domingo; puedes ver la iglesia , el museo precioso y el jard\u00edn b\u00f3tanico en la parte de atr\u00e1s. En esta ciudad hay muchas cosas bonitas que ver: museos, galer\u00edas, teatros, conciertos, cines o una de sus muchas fiestas tradicionales .<\/p>\n<!-- \/wp:paragraph -->\n\n<!-- wp:paragraph -->\n<p>Oaxaca est\u00e1 como a 6 horas de Zipolite y te recomendamos de quedarte unos d\u00edas en esta ciudad! No olvides tu gu\u00eda t\u00faristica, tambi\u00e9n en la oficina de turismo en la Alameda (el parque junto al Z\u00f3calo) tienen bastante informaci\u00f3n, por ejemplo te indican los d\u00edas de mercado en los pueblos de los aldedores.<\/p>\n<!-- \/wp:paragraph -->\n\n<!-- wp:image {\"id\":68} -->\n<figure class=\"wp-block-image\"><img src=\"http:\/\/wp.cryptix.net\/locosmico\/wp-content\/uploads\/sites\/58\/2022\/12\/00.06.08.jpg\" alt=\"\" class=\"wp-image-68\"\/><figcaption class=\"wp-element-caption\">La famosa iglesia de Santo Domingo<\/figcaption><\/figure>\n<!-- \/wp:image -->\n\n<!-- wp:paragraph -->\n<p><\/p>\n<!-- \/wp:paragraph -->","_es_post_name":"oaxaca","_es_post_excerpt":"","_es_post_title":"Oaxaca","_de_post_content":"<!-- wp:heading -->\n<h2>Reisetipp: Oaxaca<\/h2>\n<!-- \/wp:heading -->\n\n<!-- wp:paragraph -->\n<p>OAXACA, die Hauptstadt des gleichnamigen Bundestaates, ist eine der sch\u00f6nsten St\u00e4dte Mexikos. Sie liegt etwa 5 bis 8 Stunden von Zipolite entfernt (je nach Fortbewegungsmittel) und etwa auf halber Strecke von Mexiko City nach Zipolite.<\/p>\n<!-- \/wp:paragraph -->\n\n<!-- wp:paragraph -->\n<p>Oaxaca bietet wundersch\u00f6ne Pl\u00e4tze und Fussg\u00e4ngerzonen mit Caf\u00e9s zum verweilen und den Leuten zuzuschauen. Oaxaca bietet aber auch Kultur, Galerien, Museen - allen voran das sehr interessante Stadtmuesum bei der Santa Domingo Kirche -, botanische G\u00e4rten, Kinos, Konzerte, traditionelle Feste und und und. Wir empfehlen die Reise nach Zipolite mit einem mehrt\u00e4tigen Zwischenhalt in Oaxaca zu verfeiern und auf keinen Fall den Reisef\u00fchrer zu vergessen.<\/p>\n<!-- \/wp:paragraph -->\n\n<!-- wp:image {\"id\":68} -->\n<figure class=\"wp-block-image\"><img src=\"http:\/\/wp.cryptix.net\/locosmico\/wp-content\/uploads\/sites\/58\/2022\/12\/00.06.08.jpg\" alt=\"\" class=\"wp-image-68\"\/><figcaption class=\"wp-element-caption\">Die ber\u00fchmte Santa Domingo Kirche in Oaxaca<\/figcaption><\/figure>\n<!-- \/wp:image -->","_de_post_name":"oaxaca","_de_post_excerpt":"","_de_post_title":"Oaxaca","edit_language":"en","footnotes":""},"class_list":["post-118","page","type-page","status-publish","hentry","entry"],"acf":[],"jetpack_sharing_enabled":true,"_links":{"self":[{"href":"https:\/\/locosmico.com\/en\/wp-json\/wp\/v2\/pages\/118","targetHints":{"allow":["GET"]}}],"collection":[{"href":"https:\/\/locosmico.com\/en\/wp-json\/wp\/v2\/pages"}],"about":[{"href":"https:\/\/locosmico.com\/en\/wp-json\/wp\/v2\/types\/page"}],"author":[{"embeddable":true,"href":"https:\/\/locosmico.com\/en\/wp-json\/wp\/v2\/users\/10"}],"replies":[{"embeddable":true,"href":"https:\/\/locosmico.com\/en\/wp-json\/wp\/v2\/comments?post=118"}],"version-history":[{"count":7,"href":"https:\/\/locosmico.com\/en\/wp-json\/wp\/v2\/pages\/118\/revisions"}],"predecessor-version":[{"id":305,"href":"https:\/\/locosmico.com\/en\/wp-json\/wp\/v2\/pages\/118\/revisions\/305"}],"wp:attachment":[{"href":"https:\/\/locosmico.com\/en\/wp-json\/wp\/v2\/media?parent=118"}],"curies":[{"name":"wp","href":"https:\/\/api.w.org\/{rel}","templated":true}]}}