{"id":128,"date":"2022-12-22T19:49:18","date_gmt":"2022-12-22T18:49:18","guid":{"rendered":"https:\/\/wp.cryptix.net\/locosmico\/en\/?page_id=128"},"modified":"2023-01-02T17:57:48","modified_gmt":"2023-01-02T16:57:48","slug":"puerto-angel","status":"publish","type":"page","link":"https:\/\/locosmico.com\/en\/puerto-angel\/","title":{"rendered":"Puerto Angel"},"content":{"rendered":"\n<h2 class=\"wp-block-heading\">Traveling: Puerto Angel<\/h2>\n\n\n\n<p>PUERTO ANGEL, a small fishing village, was once the most important harbor in the region. Coffee and other goods were shipped here.<\/p>\n\n\n\n<p>Today you can make boat trips to spot fishes and sea turtles (sometimes also dolphins and whales!). There are also possibilities to dive and snorkel in the region. Ask for Chepe at the harbor. For swimming we recomment the calm Playa Panteon, which is thanks to its location, free of currents.<\/p>\n\n\n\n<figure class=\"wp-block-image\"><img data-recalc-dims=\"1\" loading=\"lazy\" decoding=\"async\" width=\"300\" height=\"225\" src=\"https:\/\/i0.wp.com\/wp.cryptix.net\/locosmico\/wp-content\/uploads\/sites\/58\/2022\/12\/00.06.03.jpg?resize=300%2C225\" alt=\"\" class=\"wp-image-100\"\/><figcaption class=\"wp-element-caption\">Puerto Angel as seen from the cliffs<\/figcaption><\/figure>\n","protected":false},"excerpt":{"rendered":"<div class=\"entry-summary\">\n<div class=\"entry-summary\">\nTraveling: Puerto Angel PUERTO ANGEL, a small fishing village, was once the most important harbor in the region. Coffee and other goods were shipped here. Today you can make boat trips to spot fishes and sea turtles (sometimes also dolphins&hellip;\n<\/div>\n<div class=\"link-more\"><a href=\"https:\/\/locosmico.com\/en\/puerto-angel\/\" class=\"more-link\">Continue reading<span class=\"screen-reader-text\"> &ldquo;Puerto Angel&rdquo;<\/span>&hellip;<\/a><\/div>\n<\/div>\n<div class=\"link-more\"><a href=\"https:\/\/locosmico.com\/en\/puerto-angel\/\" class=\"more-link\">Continue reading<span class=\"screen-reader-text\"> &ldquo;Puerto Angel&rdquo;<\/span>&hellip;<\/a><\/div>\n","protected":false},"author":10,"featured_media":0,"parent":0,"menu_order":0,"comment_status":"closed","ping_status":"closed","template":"","meta":{"_acf_changed":false,"_en_post_content":"<!-- wp:heading -->\n<h2>Traveling: Puerto Angel<\/h2>\n<!-- \/wp:heading -->\n\n<!-- wp:paragraph -->\n<p>PUERTO ANGEL, a small fishing village, was once the most important harbor in the region. Coffee and other goods were shipped here.<\/p>\n<!-- \/wp:paragraph -->\n\n<!-- wp:paragraph -->\n<p>Today you can make boat trips to spot fishes and sea turtles (sometimes also dolphins and whales!). There are also possibilities to dive and snorkel in the region. Ask for Chepe at the harbor. For swimming we recomment the calm Playa Panteon, which is thanks to its location, free of currents.<\/p>\n<!-- \/wp:paragraph -->\n\n<!-- wp:image {\"id\":100} -->\n<figure class=\"wp-block-image\"><img src=\"http:\/\/wp.cryptix.net\/locosmico\/wp-content\/uploads\/sites\/58\/2022\/12\/00.06.03.jpg\" alt=\"\" class=\"wp-image-100\"\/><figcaption class=\"wp-element-caption\">Puerto Angel as seen from the cliffs<\/figcaption><\/figure>\n<!-- \/wp:image -->","_en_post_name":"puerto-angel","_en_post_excerpt":"","_en_post_title":"Puerto Angel","_es_post_content":"<!-- wp:heading -->\n<h2>Consejo para viajar: Puerto Angel<\/h2>\n<!-- \/wp:heading -->\n\n<!-- wp:paragraph -->\n<p>PUERTO ANGEL, es originalmente un pueblo de pescadores, y como dice el nombre, tiene un puerto que hace a\u00f1os ten\u00eda bastante importancia para mandar caf\u00e9 a todo el mundo. Hoy en d\u00eda este puerto lo usan cas\u00ed \u00fanicamente los pescadores.<\/p>\n<!-- \/wp:paragraph -->\n\n<!-- wp:paragraph -->\n<p>De aqu\u00ed puedes hacer excursiones con lanchas para conocer playas escondidas, bucear, pescar, observar tortugas y con un poco de suerte hasta delfines. Hay tambi\u00e9n la posibilidad de bucear con equipo de buceo y un instructor, pregunta por Chepe en la Playa Pante\u00f3n! Esta playa es muy popular, es tranquila y puedes nadar sin peligro.<\/p>\n<!-- \/wp:paragraph -->\n\n<!-- wp:image {\"id\":100} -->\n<figure class=\"wp-block-image\"><img src=\"http:\/\/wp.cryptix.net\/locosmico\/wp-content\/uploads\/sites\/58\/2022\/12\/00.06.03.jpg\" alt=\"\" class=\"wp-image-100\"\/><figcaption class=\"wp-element-caption\">Vista de Puerto Angel<\/figcaption><\/figure>\n<!-- \/wp:image -->","_es_post_name":"puerto-angel","_es_post_excerpt":"","_es_post_title":"Puerto Angel","_de_post_content":"<!-- wp:heading -->\n<h2>Reisetipp: Puerto Angel<\/h2>\n<!-- \/wp:heading -->\n\n<!-- wp:paragraph -->\n<p>PUERTO ANGEL, ein Fischerdorf, war fr\u00fcher ein ziemlich wichtiger Hafen aus dem Kaffee verschifft wurde.<\/p>\n<!-- \/wp:paragraph -->\n\n<!-- wp:paragraph -->\n<p>Heute kann man von hier aus Ausfl\u00fcge im Fischerboot machen um Meeresschildkr\u00f6ten und Fische (mit Gl\u00fcck sogar Delphine) zu beobachten. Es gibt auch die M\u00f6glichkeit zu tauchen (nach Chepe fragen). Playa Panteon ist ein volkst\u00fcmlicher Strand an dem man sehr gut schwimmen kann.<\/p>\n<!-- \/wp:paragraph -->\n\n<!-- wp:image {\"id\":100} -->\n<figure class=\"wp-block-image\"><img src=\"http:\/\/wp.cryptix.net\/locosmico\/wp-content\/uploads\/sites\/58\/2022\/12\/00.06.03.jpg\" alt=\"\" class=\"wp-image-100\"\/><figcaption class=\"wp-element-caption\">Bild von Puerto Angel<\/figcaption><\/figure>\n<!-- \/wp:image -->","_de_post_name":"puerto-angel","_de_post_excerpt":"","_de_post_title":"Puerto Angel","edit_language":"en","footnotes":""},"class_list":["post-128","page","type-page","status-publish","hentry","entry"],"acf":[],"jetpack_sharing_enabled":true,"_links":{"self":[{"href":"https:\/\/locosmico.com\/en\/wp-json\/wp\/v2\/pages\/128","targetHints":{"allow":["GET"]}}],"collection":[{"href":"https:\/\/locosmico.com\/en\/wp-json\/wp\/v2\/pages"}],"about":[{"href":"https:\/\/locosmico.com\/en\/wp-json\/wp\/v2\/types\/page"}],"author":[{"embeddable":true,"href":"https:\/\/locosmico.com\/en\/wp-json\/wp\/v2\/users\/10"}],"replies":[{"embeddable":true,"href":"https:\/\/locosmico.com\/en\/wp-json\/wp\/v2\/comments?post=128"}],"version-history":[{"count":5,"href":"https:\/\/locosmico.com\/en\/wp-json\/wp\/v2\/pages\/128\/revisions"}],"predecessor-version":[{"id":283,"href":"https:\/\/locosmico.com\/en\/wp-json\/wp\/v2\/pages\/128\/revisions\/283"}],"wp:attachment":[{"href":"https:\/\/locosmico.com\/en\/wp-json\/wp\/v2\/media?parent=128"}],"curies":[{"name":"wp","href":"https:\/\/api.w.org\/{rel}","templated":true}]}}