{"id":45,"date":"2022-12-22T17:50:45","date_gmt":"2022-12-22T16:50:45","guid":{"rendered":"https:\/\/wp.cryptix.net\/locosmico\/en\/?page_id=45"},"modified":"2026-04-26T22:21:15","modified_gmt":"2026-04-26T20:21:15","slug":"traveling","status":"publish","type":"page","link":"https:\/\/locosmico.com\/en\/traveling\/","title":{"rendered":"Zipolite and Surroundings"},"content":{"rendered":"\n<h3 class=\"wp-block-heading\">Zipolite<\/h3>\n\n\n\n<p>&#8230;.<\/p>\n\n\n\n<h4 class=\"wp-block-heading\">WHAT TO DO\/SEE?<\/h4>\n\n\n\n<h4 class=\"wp-block-heading\">WHERE TO EAT?<\/h4>\n\n\n\n<p>LEAVE YOUR OWN SUGGESTIONS BELOW!<\/p>\n\n\n\n\n\n<p><\/p>\n","protected":false},"excerpt":{"rendered":"<div class=\"entry-summary\">\n<div class=\"entry-summary\">\nZipolite &#8230;. WHAT TO DO\/SEE? WHERE TO EAT? LEAVE YOUR OWN SUGGESTIONS BELOW!\n<\/div>\n<div class=\"link-more\"><a href=\"https:\/\/locosmico.com\/en\/traveling\/\" class=\"more-link\">Continue reading<span class=\"screen-reader-text\"> &ldquo;Zipolite and Surroundings&rdquo;<\/span>&hellip;<\/a><\/div>\n<\/div>\n<div class=\"link-more\"><a href=\"https:\/\/locosmico.com\/en\/traveling\/\" class=\"more-link\">Continue reading<span class=\"screen-reader-text\"> &ldquo;Zipolite and Surroundings&rdquo;<\/span>&hellip;<\/a><\/div>\n","protected":false},"author":229,"featured_media":0,"parent":0,"menu_order":0,"comment_status":"open","ping_status":"closed","template":"","meta":{"_acf_changed":false,"_en_post_content":"<!-- wp:heading {\"level\":3} -->\n<h3 class=\"wp-block-heading\">Zipolite<\/h3>\n<!-- \/wp:heading -->\n\n<!-- wp:paragraph -->\n<p>....<\/p>\n<!-- \/wp:paragraph -->\n\n<!-- wp:heading {\"level\":4} -->\n<h4 class=\"wp-block-heading\">WHAT TO DO\/SEE?<\/h4>\n<!-- \/wp:heading -->\n\n<!-- wp:heading {\"level\":4} -->\n<h4 class=\"wp-block-heading\">WHERE TO EAT?<\/h4>\n<!-- \/wp:heading -->\n\n<!-- wp:paragraph -->\n<p>LEAVE YOUR OWN SUGGESTIONS BELOW!<\/p>\n<!-- \/wp:paragraph -->\n\n<!-- wp:comments -->\n<div class=\"wp-block-comments\"><!-- wp:comments-title {\"level\":5} \/-->\n\n<!-- wp:comment-template -->\n<!-- wp:columns -->\n<div class=\"wp-block-columns\"><!-- wp:column {\"width\":\"40px\"} -->\n<div class=\"wp-block-column\" style=\"flex-basis:40px\"><!-- wp:avatar {\"size\":40,\"style\":{\"border\":{\"radius\":\"20px\"}}} \/--><\/div>\n<!-- \/wp:column -->\n\n<!-- wp:column -->\n<div class=\"wp-block-column\"><!-- wp:comment-author-name {\"fontSize\":\"small\"} \/-->\n\n<!-- wp:group {\"style\":{\"spacing\":{\"margin\":{\"top\":\"0px\",\"bottom\":\"0px\"}}},\"layout\":{\"type\":\"flex\"}} -->\n<div class=\"wp-block-group\" style=\"margin-top:0px;margin-bottom:0px\"><!-- wp:comment-date {\"fontSize\":\"small\"} \/-->\n\n<!-- wp:comment-edit-link {\"fontSize\":\"small\"} \/--><\/div>\n<!-- \/wp:group -->\n\n<!-- wp:comment-content \/-->\n\n<!-- wp:comment-reply-link {\"fontSize\":\"small\"} \/--><\/div>\n<!-- \/wp:column --><\/div>\n<!-- \/wp:columns -->\n<!-- \/wp:comment-template -->\n\n<!-- wp:comments-pagination -->\n<!-- wp:comments-pagination-previous \/-->\n\n<!-- wp:comments-pagination-numbers \/-->\n\n<!-- wp:comments-pagination-next \/-->\n<!-- \/wp:comments-pagination -->\n\n<!-- wp:details -->\n<details class=\"wp-block-details\"><summary><\/summary><!-- wp:post-comments-form \/--><\/details>\n<!-- \/wp:details --><\/div>\n<!-- \/wp:comments -->\n\n<!-- wp:paragraph -->\n<p><\/p>\n<!-- \/wp:paragraph -->","_en_post_name":"traveling","_en_post_excerpt":"","_en_post_title":"Zipolite and Surroundings","_es_post_content":"<!-- wp:heading {\"level\":3} -->\n<h3 class=\"wp-block-heading\">Zipolite<\/h3>\n<!-- \/wp:heading -->\n\n<!-- wp:paragraph -->\n<p>Zipolite es un destino \u00fanico en la costa del Pac\u00edfico mexicano, conocido por su atm\u00f3sfera relajada, su belleza natural y su esp\u00edritu libre. Ubicado en el estado de Oaxaca, este peque\u00f1o pueblo costero ha ganado fama por su playa extensa de oleaje intenso, sus atardeceres espectaculares y su comunidad diversa que atrae tanto a viajeros internacionales como a visitantes locales en busca de desconexi\u00f3n y autenticidad.<\/p>\n<!-- \/wp:paragraph -->\n\n<!-- wp:paragraph -->\n<p>A diferencia de otros destinos m\u00e1s desarrollados, Zipolite conserva un car\u00e1cter r\u00fastico y bohemio. Es especialmente reconocido por ser la \u00fanica playa nudista oficial de M\u00e9xico, lo que refuerza su identidad abierta, inclusiva y sin pretensiones. Aqu\u00ed, el turismo se vive de forma tranquila: yoga frente al mar, caminatas al atardecer, gastronom\u00eda local e internacional y una vibrante pero relajada vida nocturna.<\/p>\n<!-- \/wp:paragraph -->\n\n<!-- wp:paragraph -->\n<p>En cuanto a su historia, se dice que Zipolite fue originalmente habitado por comunidades ind\u00edgenas zapotecas. Durante gran parte del siglo XX permaneci\u00f3 como un lugar aislado, hasta que en las d\u00e9cadas de 1960 y 1970 comenz\u00f3 a atraer a viajeros alternativos y movimientos contraculturales, lo que marc\u00f3 profundamente su identidad actual. En especial, el eclipse total de sol de 1970 atrajo a la comunidad hippie a esta playa, que fue uno de los mejores puntos para observarlo. A partir de ese momento se convirti\u00f3 en un destino popular entre los \"mochileros\". Con el tiempo, ha evolucionado hasta convertirse un destino tur\u00edstico consolidado, sin perder su esencia natural y su aire de libertad.<\/p>\n<!-- \/wp:paragraph -->\n\n<!-- wp:paragraph -->\n<p>Hoy en d\u00eda, Zipolite representa un equilibrio entre tradici\u00f3n, naturaleza y comunidad, ideal para quienes buscan una experiencia aut\u00e9ntica, lejos del turismo masivo y m\u00e1s cerca del ritmo del mar.<\/p>\n<!-- \/wp:paragraph -->\n\n<!-- wp:heading {\"level\":5,\"style\":{\"typography\":{\"textTransform\":\"uppercase\"}}} -->\n<h5 class=\"wp-block-heading\" style=\"text-transform:uppercase\">\u00bfQu\u00e9 hacer en Zipolite?<\/h5>\n<!-- \/wp:heading -->\n\n<!-- wp:list -->\n<ul class=\"wp-block-list\"><!-- wp:list-item -->\n<li><strong>Disfrutar al m\u00e1ximo de \"Il dolce far niente\"<\/strong><\/li>\n<!-- \/wp:list-item --><\/ul>\n<!-- \/wp:list -->\n\n<!-- wp:paragraph -->\n<p>Zipolite es el lugar ideal para relajarse, tenderse en una hamaca a leer un libro, asolearse en la playa, nadar (con precauci\u00f3n, por el fuerte oleaje y las corrientes), pasearse por la orilla del mar al atardecer, tomar un coctelito mirando las olas y simplemente disfrutar de no hacer nada.<\/p>\n<!-- \/wp:paragraph -->\n\n<!-- wp:list -->\n<ul class=\"wp-block-list\"><!-- wp:list-item -->\n<li><strong>Consentirse y desconectar<\/strong><\/li>\n<!-- \/wp:list-item --><\/ul>\n<!-- \/wp:list -->\n\n<!-- wp:paragraph -->\n<p>En Zipolite puedes tomar clases de yoga frente al mar, recibir masajes relajantes en la playa, participar en temazcales o ceremonias hol\u00edsticas, meditar con el sonido del mar, o hasta hacerte un facial u otro tratamiento para consentirte. <\/p>\n<!-- \/wp:paragraph -->\n\n<!-- wp:list -->\n<ul class=\"wp-block-list\"><!-- wp:list-item -->\n<li><strong>Un poco de fiesta<\/strong><\/li>\n<!-- \/wp:list-item --><\/ul>\n<!-- \/wp:list -->\n\n<!-- wp:paragraph -->\n<p>Aqu\u00ed podr\u00e1s casi siempre disfrutar de m\u00fasica en vivo en bares y restaurantes a lo largo de la playa, por ejemplo en el \"Callej\u00f3n del Arte\", en el bar \"Sin Nombre\" o en el \"Zanate\". Tambi\u00e9n hay shows drag en \"La M\u00e1xima\" y barecitos alternativos como \"Uhuru\" que ofrece infusiones de mezcales y cocteles artesanales personalizados,  \"La Isla\" que es un reggae bar sobre la playa y \"Brazza\" que vende mezcales artesanales y hace la mejor margarita de la playa.  Podr\u00e1s conocer gente de todo el mundo en un ambiente abierto e inclusivo. Cada a\u00f1o hay distintos festivales con m\u00e1s actividades y vida nocturna m\u00e1s activa, como el Festival Nudista a finales de enero y el festival Zipolite Diverso en mayo. <\/p>\n<!-- \/wp:paragraph -->\n\n<!-- wp:paragraph -->\n<p><em>Zipolite no es tanto de \u201chacer muchas cosas\u201d como de vivirlas con calma. Aqu\u00ed, el mayor plan suele ser simplemente dejarse llevar por el ritmo del mar<\/em><\/p>\n<!-- \/wp:paragraph -->\n\n<!-- wp:heading {\"level\":5,\"style\":{\"typography\":{\"textTransform\":\"uppercase\"}}} -->\n<h5 class=\"wp-block-heading\" style=\"text-transform:uppercase\">\u00bfd\u00f3nde comer en zipolite?<\/h5>\n<!-- \/wp:heading -->\n\n<!-- wp:paragraph -->\n<p>Obviamente no puede faltar un desayuno o brunch con la mejor vista en <a href=\"https:\/\/locosmico.com\/en\/food\/\" data-type=\"page\" data-id=\"40\">Lo C\u00f3smico Restaurante<\/a>, pero tambi\u00e9n hay muchas otras opciones deliciosas y variadas. Aqu\u00ed te compartimos algunas de nuestras favoritas:<\/p>\n<!-- \/wp:paragraph -->\n\n<!-- wp:paragraph -->\n<p>DESAYUNAR<\/p>\n<!-- \/wp:paragraph -->\n\n<!-- wp:list -->\n<ul class=\"wp-block-list\"><!-- wp:list-item -->\n<li>\u00d3rale Caf\u00e9<\/li>\n<!-- \/wp:list-item -->\n\n<!-- wp:list-item -->\n<li>Kellyko<\/li>\n<!-- \/wp:list-item -->\n\n<!-- wp:list-item -->\n<li>Se\u00f1ora Juana<\/li>\n<!-- \/wp:list-item --><\/ul>\n<!-- \/wp:list -->\n\n<!-- wp:paragraph -->\n<p>COMER<\/p>\n<!-- \/wp:paragraph -->\n\n<!-- wp:list -->\n<ul class=\"wp-block-list\"><!-- wp:list-item -->\n<li>Or\u00e9gano<\/li>\n<!-- \/wp:list-item -->\n\n<!-- wp:list-item -->\n<li>Piedra de Fuego<\/li>\n<!-- \/wp:list-item -->\n\n<!-- wp:list-item -->\n<li>Las Flores de Oaxaca<\/li>\n<!-- \/wp:list-item -->\n\n<!-- wp:list-item -->\n<li>Comedor Hei Tan<\/li>\n<!-- \/wp:list-item --><\/ul>\n<!-- \/wp:list -->\n\n<!-- wp:paragraph -->\n<p>CENAR<\/p>\n<!-- \/wp:paragraph -->\n\n<!-- wp:list -->\n<ul class=\"wp-block-list\"><!-- wp:list-item -->\n<li>La Pica\u00f1a<\/li>\n<!-- \/wp:list-item -->\n\n<!-- wp:list-item -->\n<li>La Fenice<\/li>\n<!-- \/wp:list-item -->\n\n<!-- wp:list-item -->\n<li>Bacco<\/li>\n<!-- \/wp:list-item -->\n\n<!-- wp:list-item -->\n<li>El Alquimista<\/li>\n<!-- \/wp:list-item -->\n\n<!-- wp:list-item -->\n<li>Las Salsas<\/li>\n<!-- \/wp:list-item -->\n\n<!-- wp:list-item -->\n<li>Mr. Taco<\/li>\n<!-- \/wp:list-item --><\/ul>\n<!-- \/wp:list -->\n\n<!-- wp:paragraph -->\n<p><em>\u00bfTienes alguna otra recomendaci\u00f3n? \u00a1COMPARTELA AQU\u00cd!<\/em><\/p>\n<!-- \/wp:paragraph -->\n\n<!-- wp:jetpack\/contact-form {\"ref\":803,\"jetpackCRM\":false,\"salesforceData\":{\"organizationId\":\"\",\"sendToSalesforce\":false},\"mailpoet\":{\"listId\":null,\"listName\":null,\"enabledForForm\":false},\"layout\":{\"type\":\"flex\",\"flexWrap\":\"nowrap\",\"orientation\":\"vertical\",\"justifyContent\":\"left\",\"verticalAlignment\":\"top\"}} \/-->\n\n<!-- wp:paragraph {\"fitText\":true} -->\n<p class=\"has-fit-text\">RECOMENDACIONES DE VISITANTES:<\/p>\n<!-- \/wp:paragraph -->\n\n<!-- wp:paragraph -->\n<p><\/p>\n<!-- \/wp:paragraph -->","_es_post_name":"traveling","_es_post_excerpt":"","_es_post_title":"Zipolite y alrededores","_de_post_content":"","_de_post_name":"traveling","_de_post_excerpt":"","_de_post_title":"Zipolite und die Umgebung","edit_language":"en","footnotes":""},"class_list":["post-45","page","type-page","status-publish","hentry","entry"],"acf":[],"jetpack_sharing_enabled":true,"_links":{"self":[{"href":"https:\/\/locosmico.com\/en\/wp-json\/wp\/v2\/pages\/45","targetHints":{"allow":["GET"]}}],"collection":[{"href":"https:\/\/locosmico.com\/en\/wp-json\/wp\/v2\/pages"}],"about":[{"href":"https:\/\/locosmico.com\/en\/wp-json\/wp\/v2\/types\/page"}],"author":[{"embeddable":true,"href":"https:\/\/locosmico.com\/en\/wp-json\/wp\/v2\/users\/229"}],"replies":[{"embeddable":true,"href":"https:\/\/locosmico.com\/en\/wp-json\/wp\/v2\/comments?post=45"}],"version-history":[{"count":17,"href":"https:\/\/locosmico.com\/en\/wp-json\/wp\/v2\/pages\/45\/revisions"}],"predecessor-version":[{"id":806,"href":"https:\/\/locosmico.com\/en\/wp-json\/wp\/v2\/pages\/45\/revisions\/806"}],"wp:attachment":[{"href":"https:\/\/locosmico.com\/en\/wp-json\/wp\/v2\/media?parent=45"}],"curies":[{"name":"wp","href":"https:\/\/api.w.org\/{rel}","templated":true}]}}