{"id":120,"date":"2022-12-22T19:20:59","date_gmt":"2022-12-22T18:20:59","guid":{"rendered":"https:\/\/wp.cryptix.net\/locosmico\/en\/?page_id=120"},"modified":"2023-01-04T21:48:43","modified_gmt":"2023-01-04T20:48:43","slug":"huatulco","status":"publish","type":"page","link":"https:\/\/locosmico.com\/es\/huatulco\/","title":{"rendered":"Huatulco","raw":"Huatulco"},"content":{"rendered":"\n<h2 class=\"wp-block-heading\">Consejo para viajar: Bah\u00edas de Huatulco<\/h2>\n\n\n\n<p>Las bah\u00edas de Huatulco son muy famosas. Donde hace pocos a\u00f1os no hab\u00eda ni carretera se construy\u00f3 un nuevo centro turistico a nivel internacional. Aqu\u00ed se encuentran sobre todo ricos, gentes que quieren ser vistos y disfrutar el lujo y la diversi\u00f3n, estrellas de cine y famosos de todo Mexico.Pero realmente para todos hay mucho que hacer en Huatulco. Hay playas con mucha diversi\u00f3n: jet-skis, bananas y paseos en lanchas, pero tambi\u00e9n hay playas muy tranquilas con bancos de coral , como San Agust\u00edn de las Flores, donde con unos visores (que se alquilan ah\u00ed mismo) , puedes ver una variedad de peces tropicales fant\u00e1sticos. Para ir a San Agust\u00edn de las Flores de Pochutla tomas un pesero o cami\u00f3n hasta el crucero de Santa Mar\u00eda Huatulco (muy cerca del aeropuerto), pero en vez de ir a este pueblo te vas a la derecha por una terracer\u00eda de 10 km hasta llegar a esta playa. Tambi\u00e9n los pueblos en la monta\u00f1a cerca de Huatulco tienen muchas sorpresas, puedes hacer riverrafting o visitar las maravillosas cascadas m\u00e1gicas de Copalitilla.<\/p>\n\n\n\n<figure class=\"wp-block-image\"><img data-recalc-dims=\"1\" loading=\"lazy\" decoding=\"async\" width=\"300\" height=\"225\" src=\"https:\/\/i0.wp.com\/wp.cryptix.net\/locosmico\/wp-content\/uploads\/sites\/58\/2022\/12\/00.06.07.jpg?resize=300%2C225\" alt=\"\" class=\"wp-image-82\"\/><figcaption class=\"wp-element-caption\">La playa maravillosa de San Agust\u00edn de las Flores<\/figcaption><\/figure>\n","protected":false,"raw":"<!-- wp:heading -->\n<h2>Consejo para viajar: Bah\u00edas de Huatulco<\/h2>\n<!-- \/wp:heading -->\n\n<!-- wp:paragraph -->\n<p>Las bah\u00edas de Huatulco son muy famosas. Donde hace pocos a\u00f1os no hab\u00eda ni carretera se construy\u00f3 un nuevo centro turistico a nivel internacional. Aqu\u00ed se encuentran sobre todo ricos, gentes que quieren ser vistos y disfrutar el lujo y la diversi\u00f3n, estrellas de cine y famosos de todo Mexico.Pero realmente para todos hay mucho que hacer en Huatulco. Hay playas con mucha diversi\u00f3n: jet-skis, bananas y paseos en lanchas, pero tambi\u00e9n hay playas muy tranquilas con bancos de coral , como San Agust\u00edn de las Flores, donde con unos visores (que se alquilan ah\u00ed mismo) , puedes ver una variedad de peces tropicales fant\u00e1sticos. Para ir a San Agust\u00edn de las Flores de Pochutla tomas un pesero o cami\u00f3n hasta el crucero de Santa Mar\u00eda Huatulco (muy cerca del aeropuerto), pero en vez de ir a este pueblo te vas a la derecha por una terracer\u00eda de 10 km hasta llegar a esta playa. Tambi\u00e9n los pueblos en la monta\u00f1a cerca de Huatulco tienen muchas sorpresas, puedes hacer riverrafting o visitar las maravillosas cascadas m\u00e1gicas de Copalitilla.<\/p>\n<!-- \/wp:paragraph -->\n\n<!-- wp:image {\"id\":82} -->\n<figure class=\"wp-block-image\"><img src=\"http:\/\/wp.cryptix.net\/locosmico\/wp-content\/uploads\/sites\/58\/2022\/12\/00.06.07.jpg\" alt=\"\" class=\"wp-image-82\"\/><figcaption class=\"wp-element-caption\">La playa maravillosa de San Agust\u00edn de las Flores<\/figcaption><\/figure>\n<!-- \/wp:image -->"},"excerpt":{"rendered":"","protected":false,"raw":""},"author":10,"featured_media":0,"parent":0,"menu_order":0,"comment_status":"closed","ping_status":"closed","template":"","meta":{"_acf_changed":false,"_en_post_content":"<!-- wp:heading -->\n<h2>Traveling: Bahias de Huatulco<\/h2>\n<!-- \/wp:heading -->\n\n<!-- wp:paragraph -->\n<p>The Bahias de HUATULCO are known all over Mexico as a meeting point for the rich and beautiful, the film- and music-stars. But Huatulco offers more than crowded touristy beaches, jet-skis, banana rides and city centers. Enjoy a boat trip to one of the beaches only reachable by boat and therefore extremely lonely. A nice recommendation is the beach of SAN AUGUSTIN, also reachable by car from the airport junction, where you can snorkeling through corall riffs. This is said to be the nicest snorkeling spot along the Oaxaca coast.<\/p>\n<!-- \/wp:paragraph -->\n\n<!-- wp:image {\"id\":82} -->\n<figure class=\"wp-block-image\"><img src=\"https:\/\/locosmico.com\/wp-content\/uploads\/sites\/58\/2022\/12\/00.06.07.jpg\" alt=\"\" class=\"wp-image-82\"\/><figcaption class=\"wp-element-caption\">The beautiful beach of San Augustin<\/figcaption><\/figure>\n<!-- \/wp:image -->","_en_post_name":"huatulco","_en_post_excerpt":"","_en_post_title":"Huatulco","_es_post_content":"<!-- wp:heading -->\n<h2>Consejo para viajar: Bah\u00edas de Huatulco<\/h2>\n<!-- \/wp:heading -->\n\n<!-- wp:paragraph -->\n<p>Las bah\u00edas de Huatulco son muy famosas. Donde hace pocos a\u00f1os no hab\u00eda ni carretera se construy\u00f3 un nuevo centro turistico a nivel internacional. Aqu\u00ed se encuentran sobre todo ricos, gentes que quieren ser vistos y disfrutar el lujo y la diversi\u00f3n, estrellas de cine y famosos de todo Mexico.Pero realmente para todos hay mucho que hacer en Huatulco. Hay playas con mucha diversi\u00f3n: jet-skis, bananas y paseos en lanchas, pero tambi\u00e9n hay playas muy tranquilas con bancos de coral , como San Agust\u00edn de las Flores, donde con unos visores (que se alquilan ah\u00ed mismo) , puedes ver una variedad de peces tropicales fant\u00e1sticos. Para ir a San Agust\u00edn de las Flores de Pochutla tomas un pesero o cami\u00f3n hasta el crucero de Santa Mar\u00eda Huatulco (muy cerca del aeropuerto), pero en vez de ir a este pueblo te vas a la derecha por una terracer\u00eda de 10 km hasta llegar a esta playa. Tambi\u00e9n los pueblos en la monta\u00f1a cerca de Huatulco tienen muchas sorpresas, puedes hacer riverrafting o visitar las maravillosas cascadas m\u00e1gicas de Copalitilla.<\/p>\n<!-- \/wp:paragraph -->\n\n<!-- wp:image {\"id\":82} -->\n<figure class=\"wp-block-image\"><img src=\"http:\/\/wp.cryptix.net\/locosmico\/wp-content\/uploads\/sites\/58\/2022\/12\/00.06.07.jpg\" alt=\"\" class=\"wp-image-82\"\/><figcaption class=\"wp-element-caption\">La playa maravillosa de San Agust\u00edn de las Flores<\/figcaption><\/figure>\n<!-- \/wp:image -->","_es_post_name":"huatulco","_es_post_excerpt":"","_es_post_title":"Huatulco","_de_post_content":"<!-- wp:heading -->\n<h2>Reisetipp: Bahias de Huatulco<\/h2>\n<!-- \/wp:heading -->\n\n<!-- wp:paragraph -->\n<p>Die Buchten - Bahias - von HUATULCO sind weitherum bekannt. Hier treffen sich vor allem die Sch\u00f6nen und die Reichen, die Film- und die Musikstars. Doch auch der gew\u00f6hnlich Sterbliche sollte mal einen Ausflug nach Huatulco machen. Huatulco bietet von turbulenten Str\u00e4nden mit Jet-Skis und Bootsrundfahrten bis zu abgelegenen einsamen Str\u00e4nden alles was das Herz begehrt. Zu letzteren z\u00e4hlt \u00fcbrigens der ausserhalbt von Huatulco gelegene Strand von San Augustin, den wir w\u00e4rmstens empfehlen. Per Combi f\u00e4hrt man Richtung Pochutla bis zur Abzweigung zum Flughafen. Von dort nimmt man ein Taxi, welches nach einer knappen Stunde Dreckstrasse den Strand von San Augustin erreicht.<\/p>\n<!-- \/wp:paragraph -->\n\n<!-- wp:image {\"id\":82} -->\n<figure class=\"wp-block-image\"><img src=\"http:\/\/wp.cryptix.net\/locosmico\/wp-content\/uploads\/sites\/58\/2022\/12\/00.06.07.jpg\" alt=\"\" class=\"wp-image-82\"\/><figcaption class=\"wp-element-caption\">Der wundersch\u00f6ne Strand von San Augustin<\/figcaption><\/figure>\n<!-- \/wp:image -->","_de_post_name":"huatulco","_de_post_excerpt":"","_de_post_title":"Huatulco","edit_language":"es","footnotes":""},"class_list":["post-120","page","type-page","status-publish","hentry","entry"],"acf":[],"jetpack_sharing_enabled":true,"_links":{"self":[{"href":"https:\/\/locosmico.com\/es\/wp-json\/wp\/v2\/pages\/120","targetHints":{"allow":["GET"]}}],"collection":[{"href":"https:\/\/locosmico.com\/es\/wp-json\/wp\/v2\/pages"}],"about":[{"href":"https:\/\/locosmico.com\/es\/wp-json\/wp\/v2\/types\/page"}],"author":[{"embeddable":true,"href":"https:\/\/locosmico.com\/es\/wp-json\/wp\/v2\/users\/10"}],"replies":[{"embeddable":true,"href":"https:\/\/locosmico.com\/es\/wp-json\/wp\/v2\/comments?post=120"}],"version-history":[{"count":8,"href":"https:\/\/locosmico.com\/es\/wp-json\/wp\/v2\/pages\/120\/revisions"}],"predecessor-version":[{"id":306,"href":"https:\/\/locosmico.com\/es\/wp-json\/wp\/v2\/pages\/120\/revisions\/306"}],"wp:attachment":[{"href":"https:\/\/locosmico.com\/es\/wp-json\/wp\/v2\/media?parent=120"}],"curies":[{"name":"wp","href":"https:\/\/api.w.org\/{rel}","templated":true}]}}