{"id":122,"date":"2022-12-22T19:21:31","date_gmt":"2022-12-22T18:21:31","guid":{"rendered":"https:\/\/wp.cryptix.net\/locosmico\/en\/?page_id=122"},"modified":"2023-01-04T21:48:57","modified_gmt":"2023-01-04T20:48:57","slug":"puerto-escondido","status":"publish","type":"page","link":"https:\/\/locosmico.com\/es\/puerto-escondido\/","title":{"rendered":"Puerto Escondido","raw":"Puerto Escondido"},"content":{"rendered":"\n<h2 class=\"wp-block-heading\">Consejo para viajar: Puerto Escondido<\/h2>\n\n\n\n<p>De Zipolite a PUERTO ESCONDIDO son solamente 75 km, por una carretera muy buena se llega f\u00e1cilmente en una hora. Puerto Escondido ahora es conocido por la playa Zicatela, que tiene olas muy buenas para hacer surf. En primavera y oto\u00f1o organizan concursos internacionales de surf, en los que se encuentran los mejores surfers de todo el mundo. Pero Puerto Escondido tambi\u00e9n atrae otro tipo de turistas, tiene playas tranquilas para nadar, playas populares con diversiones tur\u00edsticas como las&#8221;bananas&#8221;, una zona para peatones con muchos restaurantes, caf\u00e9s y tiendas y un mercado grande en la parte vieja del pueblo. Tambi\u00e9n se pueden visitar los pueblos de los alrededores o hacer una excursi\u00f3n a las lagunas de Manialtepec o Chacahua, donde se organizan paseos con lanchas por los bosques de mangles protegidas con su gran diversidad de p\u00e1jaros y otros animales.<\/p>\n\n\n\n<figure class=\"wp-block-image\"><img data-recalc-dims=\"1\" loading=\"lazy\" decoding=\"async\" width=\"300\" height=\"225\" src=\"https:\/\/i0.wp.com\/wp.cryptix.net\/locosmico\/wp-content\/uploads\/sites\/58\/2022\/12\/00.06.06.jpg?resize=300%2C225\" alt=\"\" class=\"wp-image-97\"\/><figcaption class=\"wp-element-caption\">Zona peatonal en Puerto Escondido<\/figcaption><\/figure>\n\n\n\n<p><span class=\"pn-sub\">La playa maravillosa de Chacahua es para gente que buscan la tranquilidad.<\/span><\/p>\n\n\n\n<figure class=\"wp-block-image\"><img data-recalc-dims=\"1\" loading=\"lazy\" decoding=\"async\" width=\"680\" height=\"100\" src=\"https:\/\/i0.wp.com\/wp.cryptix.net\/locosmico\/wp-content\/uploads\/sites\/58\/2022\/12\/00.06.06a.jpg?resize=680%2C100\" alt=\"\" class=\"wp-image-78\" srcset=\"https:\/\/i0.wp.com\/locosmico.com\/wp-content\/uploads\/sites\/58\/2022\/12\/00.06.06a.jpg?w=680&amp;ssl=1 680w, https:\/\/i0.wp.com\/locosmico.com\/wp-content\/uploads\/sites\/58\/2022\/12\/00.06.06a.jpg?resize=300%2C44&amp;ssl=1 300w\" sizes=\"auto, (max-width: 680px) 100vw, 680px\" \/><\/figure>\n","protected":false,"raw":"<!-- wp:heading -->\n<h2>Consejo para viajar: Puerto Escondido<\/h2>\n<!-- \/wp:heading -->\n\n<!-- wp:paragraph -->\n<p>De Zipolite a PUERTO ESCONDIDO son solamente 75 km, por una carretera muy buena se llega f\u00e1cilmente en una hora. Puerto Escondido ahora es conocido por la playa Zicatela, que tiene olas muy buenas para hacer surf. En primavera y oto\u00f1o organizan concursos internacionales de surf, en los que se encuentran los mejores surfers de todo el mundo. Pero Puerto Escondido tambi\u00e9n atrae otro tipo de turistas, tiene playas tranquilas para nadar, playas populares con diversiones tur\u00edsticas como las\"bananas\", una zona para peatones con muchos restaurantes, caf\u00e9s y tiendas y un mercado grande en la parte vieja del pueblo. Tambi\u00e9n se pueden visitar los pueblos de los alrededores o hacer una excursi\u00f3n a las lagunas de Manialtepec o Chacahua, donde se organizan paseos con lanchas por los bosques de mangles protegidas con su gran diversidad de p\u00e1jaros y otros animales.<\/p>\n<!-- \/wp:paragraph -->\n\n<!-- wp:image {\"id\":97} -->\n<figure class=\"wp-block-image\"><img src=\"http:\/\/wp.cryptix.net\/locosmico\/wp-content\/uploads\/sites\/58\/2022\/12\/00.06.06.jpg\" alt=\"\" class=\"wp-image-97\"\/><figcaption class=\"wp-element-caption\">Zona peatonal en Puerto Escondido<\/figcaption><\/figure>\n<!-- \/wp:image -->\n\n<!-- wp:paragraph -->\n<p><span class=\"pn-sub\">La playa maravillosa de Chacahua es para gente que buscan la tranquilidad.<\/span><\/p>\n<!-- \/wp:paragraph -->\n\n<!-- wp:image {\"id\":78} -->\n<figure class=\"wp-block-image\"><img src=\"http:\/\/wp.cryptix.net\/locosmico\/wp-content\/uploads\/sites\/58\/2022\/12\/00.06.06a.jpg\" alt=\"\" class=\"wp-image-78\"\/><\/figure>\n<!-- \/wp:image -->"},"excerpt":{"rendered":"","protected":false,"raw":""},"author":10,"featured_media":0,"parent":0,"menu_order":0,"comment_status":"closed","ping_status":"closed","template":"","meta":{"_acf_changed":false,"_en_post_content":"<!-- wp:heading -->\n<h2>Traveling: Puerto Escondido<\/h2>\n<!-- \/wp:heading -->\n\n<!-- wp:paragraph -->\n<p>From Zipolite you can reach PUERTO ESCONDIDO by the car or bus through the paved 75 km long main coast road in about an hour. Puerto Escondido is especially known for its surf community and its international contests in November and Semana Santa. During these events, the worlds best surfers meet at playa Zicatela. But the town has more to offer: A nice pedestrian area with restaurants, cafes and shops and a big market in the old part of the town.<\/p>\n<!-- \/wp:paragraph -->\n\n<!-- wp:image {\"id\":97} -->\n<figure class=\"wp-block-image\"><img src=\"https:\/\/locosmico.com\/wp-content\/uploads\/sites\/58\/2022\/12\/00.06.06.jpg\" alt=\"\" class=\"wp-image-97\"\/><figcaption class=\"wp-element-caption\">Pedestrian aera in Puerto Escondido<\/figcaption><\/figure>\n<!-- \/wp:image -->\n\n<!-- wp:paragraph -->\n<p>Puerto Escondido is also the starting point for boat trips in the beautiful mangroove lagoons of Maniltepec and Chacahua or to the waterfalls in the hills around Puerto Escondido.<\/p>\n<!-- \/wp:paragraph -->\n\n<!-- wp:paragraph -->\n<p><span class=\"pn-sub\">The beautiful beach of Chacahua is a recommendation for people seeking a quiet and lonely beach.<\/span><\/p>\n<!-- \/wp:paragraph -->\n\n<!-- wp:image {\"id\":78} -->\n<figure class=\"wp-block-image\"><img src=\"https:\/\/locosmico.com\/wp-content\/uploads\/sites\/58\/2022\/12\/00.06.06a.jpg\" alt=\"\" class=\"wp-image-78\"\/><\/figure>\n<!-- \/wp:image -->","_en_post_name":"puerto-escondido","_en_post_excerpt":"","_en_post_title":"Puerto Escondido","_es_post_content":"<!-- wp:heading -->\n<h2>Consejo para viajar: Puerto Escondido<\/h2>\n<!-- \/wp:heading -->\n\n<!-- wp:paragraph -->\n<p>De Zipolite a PUERTO ESCONDIDO son solamente 75 km, por una carretera muy buena se llega f\u00e1cilmente en una hora. Puerto Escondido ahora es conocido por la playa Zicatela, que tiene olas muy buenas para hacer surf. En primavera y oto\u00f1o organizan concursos internacionales de surf, en los que se encuentran los mejores surfers de todo el mundo. Pero Puerto Escondido tambi\u00e9n atrae otro tipo de turistas, tiene playas tranquilas para nadar, playas populares con diversiones tur\u00edsticas como las\"bananas\", una zona para peatones con muchos restaurantes, caf\u00e9s y tiendas y un mercado grande en la parte vieja del pueblo. Tambi\u00e9n se pueden visitar los pueblos de los alrededores o hacer una excursi\u00f3n a las lagunas de Manialtepec o Chacahua, donde se organizan paseos con lanchas por los bosques de mangles protegidas con su gran diversidad de p\u00e1jaros y otros animales.<\/p>\n<!-- \/wp:paragraph -->\n\n<!-- wp:image {\"id\":97} -->\n<figure class=\"wp-block-image\"><img src=\"http:\/\/wp.cryptix.net\/locosmico\/wp-content\/uploads\/sites\/58\/2022\/12\/00.06.06.jpg\" alt=\"\" class=\"wp-image-97\"\/><figcaption class=\"wp-element-caption\">Zona peatonal en Puerto Escondido<\/figcaption><\/figure>\n<!-- \/wp:image -->\n\n<!-- wp:paragraph -->\n<p><span class=\"pn-sub\">La playa maravillosa de Chacahua es para gente que buscan la tranquilidad.<\/span><\/p>\n<!-- \/wp:paragraph -->\n\n<!-- wp:image {\"id\":78} -->\n<figure class=\"wp-block-image\"><img src=\"http:\/\/wp.cryptix.net\/locosmico\/wp-content\/uploads\/sites\/58\/2022\/12\/00.06.06a.jpg\" alt=\"\" class=\"wp-image-78\"\/><\/figure>\n<!-- \/wp:image -->","_es_post_name":"puerto-escondido","_es_post_excerpt":"","_es_post_title":"Puerto Escondido","_de_post_content":"<!-- wp:heading -->\n<h2>Reisetipp: Puerto Escondido<\/h2>\n<!-- \/wp:heading -->\n\n<!-- wp:paragraph -->\n<p>Von Zipolite nach PUERTO ESCONDIDO sind es 75km, \u00fcber eine gute Strasse mit dem Auto in einer Stunde erreichbar. Puerto Escondido ist vor allem bekannt f\u00fcr seine Surferstr\u00e4nde sowie internationalen Surf-Wettbewerbe im Herbst und Fr\u00fchling. In diesen Zeiten treffen sich jeweils die besten Surfer der Welt in Puerto Escondido. Doch die Stadt hat noch mehr zu bieten: Eine Fussg\u00e4ngerzone mit Restaurants, Caf\u00e9s und L\u00e4den, einen grossen Markt im alten Teil der Stadt sowie zahlreiche Exkursionen in die Umgebung von Puerto Escondido. So kann man Ausfl\u00fcge in kleine D\u00f6rfer im Landesinneren machen und wundersch\u00f6ne Wasserf\u00e4lle besuchen. Oder man kann in den n\u00f6rdlich liegenden Lagunen von Maniltepec oder Chacahua per Boot die gesch\u00fctzten Mangrovenw\u00e4lder und Vogelkolonien bestaunen.<\/p>\n<!-- \/wp:paragraph -->\n\n<!-- wp:image {\"id\":97} -->\n<figure class=\"wp-block-image\"><img src=\"http:\/\/wp.cryptix.net\/locosmico\/wp-content\/uploads\/sites\/58\/2022\/12\/00.06.06.jpg\" alt=\"\" class=\"wp-image-97\"\/><figcaption class=\"wp-element-caption\">Fussg\u00e4ngerzone in Puerto Escondido<\/figcaption><\/figure>\n<!-- \/wp:image -->\n\n<!-- wp:paragraph -->\n<p><span class=\"pn-sub\">Der wundervolle Strand von Chacahua ist etwas f\u00fcr Leute welche die Einsamkeit suchen.<\/span><\/p>\n<!-- \/wp:paragraph -->\n\n<!-- wp:image {\"id\":78} -->\n<figure class=\"wp-block-image\"><img src=\"http:\/\/wp.cryptix.net\/locosmico\/wp-content\/uploads\/sites\/58\/2022\/12\/00.06.06a.jpg\" alt=\"\" class=\"wp-image-78\"\/><\/figure>\n<!-- \/wp:image -->","_de_post_name":"puerto-escondido","_de_post_excerpt":"","_de_post_title":"Puerto Escondido","edit_language":"es","footnotes":""},"class_list":["post-122","page","type-page","status-publish","hentry","entry"],"acf":[],"jetpack_sharing_enabled":true,"_links":{"self":[{"href":"https:\/\/locosmico.com\/es\/wp-json\/wp\/v2\/pages\/122","targetHints":{"allow":["GET"]}}],"collection":[{"href":"https:\/\/locosmico.com\/es\/wp-json\/wp\/v2\/pages"}],"about":[{"href":"https:\/\/locosmico.com\/es\/wp-json\/wp\/v2\/types\/page"}],"author":[{"embeddable":true,"href":"https:\/\/locosmico.com\/es\/wp-json\/wp\/v2\/users\/10"}],"replies":[{"embeddable":true,"href":"https:\/\/locosmico.com\/es\/wp-json\/wp\/v2\/comments?post=122"}],"version-history":[{"count":9,"href":"https:\/\/locosmico.com\/es\/wp-json\/wp\/v2\/pages\/122\/revisions"}],"predecessor-version":[{"id":308,"href":"https:\/\/locosmico.com\/es\/wp-json\/wp\/v2\/pages\/122\/revisions\/308"}],"wp:attachment":[{"href":"https:\/\/locosmico.com\/es\/wp-json\/wp\/v2\/media?parent=122"}],"curies":[{"name":"wp","href":"https:\/\/api.w.org\/{rel}","templated":true}]}}