{"id":124,"date":"2022-12-22T19:21:53","date_gmt":"2022-12-22T18:21:53","guid":{"rendered":"https:\/\/wp.cryptix.net\/locosmico\/en\/?page_id=124"},"modified":"2023-01-04T21:49:04","modified_gmt":"2023-01-04T20:49:04","slug":"pochutla","status":"publish","type":"page","link":"https:\/\/locosmico.com\/es\/pochutla\/","title":{"rendered":"Pochutla &amp; Chacalapa","raw":"Pochutla &amp; Chacalapa"},"content":{"rendered":"\n<h2 class=\"wp-block-heading\">Consejo de viaje: Pochutla &amp; Chacalapa<\/h2>\n\n\n\n<p>POCHUTLA no es una ciudad muy atractiva, es un pueblo tropical y un centro comercial. Muchos turistas vienen para comprar en el mercado (lunes hay tianguis), para preguntar un consejo al medico o simplemente porque es el lugar mas cercano para cambiar dinero .Adem\u00e1s todos los autobuses llegan y salen de aqu\u00ed hacia Oaxaca, Acapulco o Chiapas.<\/p>\n\n\n\n<p>Pero en CHACALAPA hay una alberca con agua de un manatial muy bonito. Chacalapa esta a 10 minutos norte de Pochutla en la carretera que va a Oaxaca. Esa alberca la llenan el jueves con agua de un manatial, para que los visitantes se diviertan el fin de semana.Lunes y martes usan este agua para regar las plantaciones alrededor y el miercoles la limpian.Una alberca ecologica y natural en un ambiente tropical muy bonito . En el bosque donde nace el agua hay una diversidad incre\u00edble de plantas tropicales.Una buena excursi\u00f3n para el fin de semana, sobre todo para ni\u00f1os!<\/p>\n\n\n\n<figure class=\"wp-block-image\"><img data-recalc-dims=\"1\" loading=\"lazy\" decoding=\"async\" width=\"300\" height=\"225\" src=\"https:\/\/i0.wp.com\/wp.cryptix.net\/locosmico\/wp-content\/uploads\/sites\/58\/2022\/12\/00.06.05.jpg?resize=300%2C225\" alt=\"\" class=\"wp-image-74\"\/><figcaption class=\"wp-element-caption\">La alberca &#8221; natural&#8221; de Chacalapa<\/figcaption><\/figure>\n","protected":false,"raw":"<!-- wp:heading -->\n<h2>Consejo de viaje: Pochutla &amp; Chacalapa<\/h2>\n<!-- \/wp:heading -->\n\n<!-- wp:paragraph -->\n<p>POCHUTLA no es una ciudad muy atractiva, es un pueblo tropical y un centro comercial. Muchos turistas vienen para comprar en el mercado (lunes hay tianguis), para preguntar un consejo al medico o simplemente porque es el lugar mas cercano para cambiar dinero .Adem\u00e1s todos los autobuses llegan y salen de aqu\u00ed hacia Oaxaca, Acapulco o Chiapas.<\/p>\n<!-- \/wp:paragraph -->\n\n<!-- wp:paragraph -->\n<p>Pero en CHACALAPA hay una alberca con agua de un manatial muy bonito. Chacalapa esta a 10 minutos norte de Pochutla en la carretera que va a Oaxaca. Esa alberca la llenan el jueves con agua de un manatial, para que los visitantes se diviertan el fin de semana.Lunes y martes usan este agua para regar las plantaciones alrededor y el miercoles la limpian.Una alberca ecologica y natural en un ambiente tropical muy bonito . En el bosque donde nace el agua hay una diversidad incre\u00edble de plantas tropicales.Una buena excursi\u00f3n para el fin de semana, sobre todo para ni\u00f1os!<\/p>\n<!-- \/wp:paragraph -->\n\n<!-- wp:image {\"id\":74} -->\n<figure class=\"wp-block-image\"><img src=\"http:\/\/wp.cryptix.net\/locosmico\/wp-content\/uploads\/sites\/58\/2022\/12\/00.06.05.jpg\" alt=\"\" class=\"wp-image-74\"\/><figcaption class=\"wp-element-caption\">La alberca \" natural\" de Chacalapa<\/figcaption><\/figure>\n<!-- \/wp:image -->"},"excerpt":{"rendered":"","protected":false,"raw":""},"author":10,"featured_media":0,"parent":0,"menu_order":0,"comment_status":"closed","ping_status":"closed","template":"","meta":{"_acf_changed":false,"_en_post_content":"<!-- wp:heading -->\n<h2>Traveling: Pochutla &amp; Chacalapa<\/h2>\n<!-- \/wp:heading -->\n\n<!-- wp:paragraph -->\n<p>POCHUTLA is a unattractive little town, which is known to everyone who travels to Zipolite by bus (all the buses arrive here). Most people just come here to get money, fill up gasoline or buy stuff that is not available in Zipolite.<\/p>\n<!-- \/wp:paragraph -->\n\n<!-- wp:paragraph -->\n<p>Just 10 minutes north of Pochutla on the road to Oaxaca is the small town of CHACALAPA. Chacalapa offers a nice balneario, a swimming pool feed by the local water spring. Every Thursday fresh water from the spring is led into the pool and therefore the pool is only open from Friday until Sunday. On Monday and Tuesday the water is used for the fields and plantations in the surroundings and on Wednesday the pool is cleaned, ready for another cycle. A very ecological pool in the middle of tropical surroundings!<\/p>\n<!-- \/wp:paragraph -->\n\n<!-- wp:image {\"id\":74} -->\n<figure class=\"wp-block-image\"><img src=\"https:\/\/locosmico.com\/wp-content\/uploads\/sites\/58\/2022\/12\/00.06.05.jpg\" alt=\"\" class=\"wp-image-74\"\/><figcaption class=\"wp-element-caption\">The swimming pool of Chacalapa<\/figcaption><\/figure>\n<!-- \/wp:image -->","_en_post_name":"pochutla","_en_post_excerpt":"","_en_post_title":"Pochutla &amp; Chacalapa","_es_post_content":"<!-- wp:heading -->\n<h2>Consejo de viaje: Pochutla &amp; Chacalapa<\/h2>\n<!-- \/wp:heading -->\n\n<!-- wp:paragraph -->\n<p>POCHUTLA no es una ciudad muy atractiva, es un pueblo tropical y un centro comercial. Muchos turistas vienen para comprar en el mercado (lunes hay tianguis), para preguntar un consejo al medico o simplemente porque es el lugar mas cercano para cambiar dinero .Adem\u00e1s todos los autobuses llegan y salen de aqu\u00ed hacia Oaxaca, Acapulco o Chiapas.<\/p>\n<!-- \/wp:paragraph -->\n\n<!-- wp:paragraph -->\n<p>Pero en CHACALAPA hay una alberca con agua de un manatial muy bonito. Chacalapa esta a 10 minutos norte de Pochutla en la carretera que va a Oaxaca. Esa alberca la llenan el jueves con agua de un manatial, para que los visitantes se diviertan el fin de semana.Lunes y martes usan este agua para regar las plantaciones alrededor y el miercoles la limpian.Una alberca ecologica y natural en un ambiente tropical muy bonito . En el bosque donde nace el agua hay una diversidad incre\u00edble de plantas tropicales.Una buena excursi\u00f3n para el fin de semana, sobre todo para ni\u00f1os!<\/p>\n<!-- \/wp:paragraph -->\n\n<!-- wp:image {\"id\":74} -->\n<figure class=\"wp-block-image\"><img src=\"http:\/\/wp.cryptix.net\/locosmico\/wp-content\/uploads\/sites\/58\/2022\/12\/00.06.05.jpg\" alt=\"\" class=\"wp-image-74\"\/><figcaption class=\"wp-element-caption\">La alberca \" natural\" de Chacalapa<\/figcaption><\/figure>\n<!-- \/wp:image -->","_es_post_name":"pochutla","_es_post_excerpt":"","_es_post_title":"Pochutla &amp; Chacalapa","_de_post_content":"<!-- wp:heading -->\n<h2>Reisetipp: Pochutla &amp; Chacalapa<\/h2>\n<!-- \/wp:heading -->\n\n<!-- wp:paragraph -->\n<p>POCHUTLA ist als St\u00e4dtchen nicht besonders attraktiv. Viele kommen hierhin um im Markt einzukaufen, den Arzt nach Rat zu fragen oder auch ganz einfach weil es der n\u00e4chste Ort ist wo man Geld abheben kann. Zudem kommen und gehen alle Busse von Pochutla aus Richtung Oaxaca, Acapulco oder in den S\u00fcden nach Chiapas.<\/p>\n<!-- \/wp:paragraph -->\n\n<!-- wp:paragraph -->\n<p>Hingegen gibt es in CHACALAPA ein sehr sch\u00f6nes Natuschwimmbad. Chacalapa liegt etwa 10 Minuten n\u00f6rdlich von Pochutla auf der Strasse Richtung Oaxaca. Hier wird das Wasser wird jeweils donnerstags aus einer Quelle ins Schwimmbad gelassen, bleibt dann zum Vergn\u00fcgen der G\u00e4ste von Freitag bis Sonntag im Pool. Montags und dienstags wird es dann abgelassen um die umliegendenen Felder zu bew\u00e4ssern und mittwochs wird das Pool geputzt. Ein \u00f6kologisches Natuschwimmbad in einer wundervoll tropischen Umgebung. Unser Wochenend-Geheimtipp!<\/p>\n<!-- \/wp:paragraph -->\n\n<!-- wp:image {\"id\":74} -->\n<figure class=\"wp-block-image\"><img src=\"http:\/\/wp.cryptix.net\/locosmico\/wp-content\/uploads\/sites\/58\/2022\/12\/00.06.05.jpg\" alt=\"\" class=\"wp-image-74\"\/><figcaption class=\"wp-element-caption\">Das Naturschwimmbad in Chacalapa<\/figcaption><\/figure>\n<!-- \/wp:image -->","_de_post_name":"pochutla","_de_post_excerpt":"","_de_post_title":"Pochutla &amp; Chacalapa","edit_language":"es","footnotes":""},"class_list":["post-124","page","type-page","status-publish","hentry","entry"],"acf":[],"jetpack_sharing_enabled":true,"_links":{"self":[{"href":"https:\/\/locosmico.com\/es\/wp-json\/wp\/v2\/pages\/124","targetHints":{"allow":["GET"]}}],"collection":[{"href":"https:\/\/locosmico.com\/es\/wp-json\/wp\/v2\/pages"}],"about":[{"href":"https:\/\/locosmico.com\/es\/wp-json\/wp\/v2\/types\/page"}],"author":[{"embeddable":true,"href":"https:\/\/locosmico.com\/es\/wp-json\/wp\/v2\/users\/10"}],"replies":[{"embeddable":true,"href":"https:\/\/locosmico.com\/es\/wp-json\/wp\/v2\/comments?post=124"}],"version-history":[{"count":8,"href":"https:\/\/locosmico.com\/es\/wp-json\/wp\/v2\/pages\/124\/revisions"}],"predecessor-version":[{"id":309,"href":"https:\/\/locosmico.com\/es\/wp-json\/wp\/v2\/pages\/124\/revisions\/309"}],"wp:attachment":[{"href":"https:\/\/locosmico.com\/es\/wp-json\/wp\/v2\/media?parent=124"}],"curies":[{"name":"wp","href":"https:\/\/api.w.org\/{rel}","templated":true}]}}