{"id":40,"date":"2022-12-22T17:49:42","date_gmt":"2022-12-22T16:49:42","guid":{"rendered":"https:\/\/wp.cryptix.net\/locosmico\/en\/?page_id=40"},"modified":"2025-03-20T18:56:48","modified_gmt":"2025-03-20T17:56:48","slug":"food","status":"publish","type":"page","link":"https:\/\/locosmico.com\/es\/food\/","title":{"rendered":"Restaurante","raw":"Restaurante"},"content":{"rendered":"\n<h2 class=\"wp-block-heading\">Comer en Lo C\u00f3smico<\/h2>\n\n\n\n<p class=\"has-text-color has-link-color wp-elements-ebdf5ac204a16fa7c84c517dd5e2acc5\" style=\"color:#da5858\"><strong><em>\u00a1Bienvenidos nuevamente a nuestro restaurante, estamos felices de anunciar que reabrimos en enero de 2025!<\/em><\/strong><\/p>\n\n\n\n<p>El restaurante de Lo C\u00f3smico es un lugar tranquilo con muchas flores, donde puedes observar colibr\u00eds, lagartijas e iguanas. Ofrecemos los cl\u00e1sicos de siempre, con especialidades como crepas, desayunos tradicionales, muesli suizo, jugos frescos y \u00a1uno de los mejores caf\u00e9s del pueblo!<\/p>\n\n\n\n<p>Tambi\u00e9n estamos experimentando con nuevas ideas y a\u00f1adiendo a nuestro men\u00fa algunos platos que no encontrar\u00e1s en ning\u00fan otro lugar. \u00a1Vis\u00edtanos y ver\u00e1s que te espera una grata sorpresa!<\/p>\n\n\n\n<p>Hay juegos de mesa para entretenerse un rato, una biblioteca donde se pueden cambiar libros, y hamacas para relajarse.<\/p>\n\n\n\n<figure class=\"wp-block-image size-large\"><img data-recalc-dims=\"1\" loading=\"lazy\" decoding=\"async\" width=\"1200\" height=\"927\" src=\"https:\/\/i0.wp.com\/locosmico.com\/wp-content\/uploads\/sites\/58\/2025\/03\/1.png?resize=1200%2C927&#038;ssl=1\" alt=\"\" class=\"wp-image-605\" srcset=\"https:\/\/i0.wp.com\/locosmico.com\/wp-content\/uploads\/sites\/58\/2025\/03\/1.png?resize=1024%2C791&amp;ssl=1 1024w, https:\/\/i0.wp.com\/locosmico.com\/wp-content\/uploads\/sites\/58\/2025\/03\/1.png?resize=300%2C232&amp;ssl=1 300w, https:\/\/i0.wp.com\/locosmico.com\/wp-content\/uploads\/sites\/58\/2025\/03\/1.png?resize=768%2C593&amp;ssl=1 768w, https:\/\/i0.wp.com\/locosmico.com\/wp-content\/uploads\/sites\/58\/2025\/03\/1.png?resize=1536%2C1187&amp;ssl=1 1536w, https:\/\/i0.wp.com\/locosmico.com\/wp-content\/uploads\/sites\/58\/2025\/03\/1.png?w=2000&amp;ssl=1 2000w\" sizes=\"auto, (max-width: 1200px) 100vw, 1200px\" \/><\/figure>\n","protected":false,"raw":"<!-- wp:heading -->\n<h2 class=\"wp-block-heading\">Comer en Lo C\u00f3smico<\/h2>\n<!-- \/wp:heading -->\n\n<!-- wp:paragraph {\"style\":{\"color\":{\"text\":\"#da5858\"},\"elements\":{\"link\":{\"color\":{\"text\":\"#da5858\"}}}}} -->\n<p class=\"has-text-color has-link-color\" style=\"color:#da5858\"><strong><em>\u00a1Bienvenidos nuevamente a nuestro restaurante, estamos felices de anunciar que reabrimos en enero de 2025!<\/em><\/strong><\/p>\n<!-- \/wp:paragraph -->\n\n<!-- wp:paragraph -->\n<p>El restaurante de Lo C\u00f3smico es un lugar tranquilo con muchas flores, donde puedes observar colibr\u00eds, lagartijas e iguanas. Ofrecemos los cl\u00e1sicos de siempre, con especialidades como crepas, desayunos tradicionales, muesli suizo, jugos frescos y \u00a1uno de los mejores caf\u00e9s del pueblo!<\/p>\n<!-- \/wp:paragraph -->\n\n<!-- wp:paragraph -->\n<p>Tambi\u00e9n estamos experimentando con nuevas ideas y a\u00f1adiendo a nuestro men\u00fa algunos platos que no encontrar\u00e1s en ning\u00fan otro lugar. \u00a1Vis\u00edtanos y ver\u00e1s que te espera una grata sorpresa!<\/p>\n<!-- \/wp:paragraph -->\n\n<!-- wp:paragraph -->\n<p>Hay juegos de mesa para entretenerse un rato, una biblioteca donde se pueden cambiar libros, y hamacas para relajarse.<\/p>\n<!-- \/wp:paragraph -->\n\n<!-- wp:image {\"id\":605,\"sizeSlug\":\"large\",\"linkDestination\":\"none\"} -->\n<figure class=\"wp-block-image size-large\"><img src=\"https:\/\/locosmico.com\/wp-content\/uploads\/sites\/58\/2025\/03\/1-1024x791.png\" alt=\"\" class=\"wp-image-605\"\/><\/figure>\n<!-- \/wp:image -->"},"excerpt":{"rendered":"","protected":false,"raw":""},"author":10,"featured_media":0,"parent":0,"menu_order":0,"comment_status":"closed","ping_status":"closed","template":"","meta":{"_acf_changed":false,"_en_post_content":"<!-- wp:heading -->\n<h2 class=\"wp-block-heading\">Eating at Lo C\u00f3smico<\/h2>\n<!-- \/wp:heading -->\n\n<!-- wp:paragraph {\"style\":{\"color\":{\"text\":\"#da5858\"},\"elements\":{\"link\":{\"color\":{\"text\":\"#da5858\"}}}}} -->\n<p class=\"has-text-color has-link-color\" style=\"color:#da5858\"><strong><em>Welcome back to our restaurant, we are happy to announce that we reopened in January 2025!<\/em><\/strong><\/p>\n<!-- \/wp:paragraph -->\n\n<!-- wp:paragraph -->\n<p>The Lo C\u00f3smico restaurant is a quiet and peaceful place with lots of flowers, where you can spot hummingbirds, lizards, or iguanas. We offer the same old classics as we used to for many years, with specialties including crepes, traditional breakfasts, swiss m\u00fcsli, fresh juices and some of the best coffee in town!<\/p>\n<!-- \/wp:paragraph -->\n\n<!-- wp:paragraph -->\n<p>We are also experimenting with new ideas and adding some items to our menu that you won't find elsewhere. Visit us and you're in for a treat!<\/p>\n<!-- \/wp:paragraph -->\n\n<!-- wp:paragraph -->\n<p>We also have a variety of games that you can use, a library to exchange books, and hammocks to sit and relax. <\/p>\n<!-- \/wp:paragraph -->\n\n<!-- wp:image {\"id\":603,\"sizeSlug\":\"large\",\"linkDestination\":\"none\"} -->\n<figure class=\"wp-block-image size-large\"><img src=\"https:\/\/locosmico.com\/wp-content\/uploads\/sites\/58\/2025\/03\/2-1024x791.png\" alt=\"\" class=\"wp-image-603\" \/><\/figure>\n<!-- \/wp:image -->","_en_post_name":"food","_en_post_excerpt":"","_en_post_title":"Restaurant","_es_post_content":"<!-- wp:heading -->\n<h2 class=\"wp-block-heading\">Comer en Lo C\u00f3smico<\/h2>\n<!-- \/wp:heading -->\n\n<!-- wp:paragraph {\"style\":{\"color\":{\"text\":\"#da5858\"},\"elements\":{\"link\":{\"color\":{\"text\":\"#da5858\"}}}}} -->\n<p class=\"has-text-color has-link-color\" style=\"color:#da5858\"><strong><em>\u00a1Bienvenidos nuevamente a nuestro restaurante, estamos felices de anunciar que reabrimos en enero de 2025!<\/em><\/strong><\/p>\n<!-- \/wp:paragraph -->\n\n<!-- wp:paragraph -->\n<p>El restaurante de Lo C\u00f3smico es un lugar tranquilo con muchas flores, donde puedes observar colibr\u00eds, lagartijas e iguanas. Ofrecemos los cl\u00e1sicos de siempre, con especialidades como crepas, desayunos tradicionales, muesli suizo, jugos frescos y \u00a1uno de los mejores caf\u00e9s del pueblo!<\/p>\n<!-- \/wp:paragraph -->\n\n<!-- wp:paragraph -->\n<p>Tambi\u00e9n estamos experimentando con nuevas ideas y a\u00f1adiendo a nuestro men\u00fa algunos platos que no encontrar\u00e1s en ning\u00fan otro lugar. \u00a1Vis\u00edtanos y ver\u00e1s que te espera una grata sorpresa!<\/p>\n<!-- \/wp:paragraph -->\n\n<!-- wp:paragraph -->\n<p>Hay juegos de mesa para entretenerse un rato, una biblioteca donde se pueden cambiar libros, y hamacas para relajarse.<\/p>\n<!-- \/wp:paragraph -->\n\n<!-- wp:image {\"id\":605,\"sizeSlug\":\"large\",\"linkDestination\":\"none\"} -->\n<figure class=\"wp-block-image size-large\"><img src=\"https:\/\/locosmico.com\/wp-content\/uploads\/sites\/58\/2025\/03\/1-1024x791.png\" alt=\"\" class=\"wp-image-605\"\/><\/figure>\n<!-- \/wp:image -->","_es_post_name":"food","_es_post_excerpt":"","_es_post_title":"Restaurante","_de_post_content":"<!-- wp:heading -->\n<h2 class=\"wp-block-heading\">Essen im Lo C\u00f3smico<\/h2>\n<!-- \/wp:heading -->\n\n<!-- wp:paragraph {\"style\":{\"color\":{\"text\":\"#da5858\"},\"elements\":{\"link\":{\"color\":{\"text\":\"#da5858\"}}}}} -->\n<p class=\"has-text-color has-link-color\" style=\"color:#da5858\"><span><em style=\"font-weight: bold;\">Willkommen zur\u00fcck in unserem Restaurant. Wir freuen uns, euch mitteilen zu k\u00f6nnen, dass wir im Januar 2025 wiederer\u00f6ffnet haben!<\/em><\/span><\/p>\n<!-- \/wp:paragraph -->\n\n<!-- wp:paragraph -->\n<p>Das Restaurant des C\u00f3smico ist ein ruhiger Ort mit vielen Blumen, wo man auch mal Kolibris, Eidechsen oder Leguane beobachten kann. Wir bieten dieselben Klassiker wie seit vielen Jahren, darunter Spezialit\u00e4ten wie Cr\u00eapes, traditionelles Fr\u00fchst\u00fcck, Schweizer M\u00fcsli, frische S\u00e4fte und einen der besten Kaffees im Dorf!<\/p>\n<!-- \/wp:paragraph -->\n\n<!-- wp:paragraph -->\n<p>Wir experimentieren auch mit neuen Ideen und erweitern unsere Speisekarte um Gerichte, die Sie nirgendwo sonst finden. Besuchen Sie uns und lassen Sie sich verw\u00f6hnen!<\/p>\n<!-- \/wp:paragraph -->\n\n<!-- wp:paragraph -->\n<p>Es gibt Spiele, die gerne ausgeliehen werden k\u00f6nnen, eine Tauschbibliothek, und H\u00e4ngematten um sich auszuruhen.<\/p>\n<!-- \/wp:paragraph -->\n\n<!-- wp:image {\"id\":607,\"sizeSlug\":\"large\",\"linkDestination\":\"none\"} -->\n<figure class=\"wp-block-image size-large\"><img src=\"https:\/\/locosmico.com\/wp-content\/uploads\/sites\/58\/2025\/03\/2-1-1024x791.png\" alt=\"\" class=\"wp-image-607\"\/><\/figure>\n<!-- \/wp:image -->","_de_post_name":"food","_de_post_excerpt":"","_de_post_title":"Restaurant","edit_language":"es","footnotes":""},"class_list":["post-40","page","type-page","status-publish","hentry","entry"],"acf":[],"jetpack_sharing_enabled":true,"_links":{"self":[{"href":"https:\/\/locosmico.com\/es\/wp-json\/wp\/v2\/pages\/40","targetHints":{"allow":["GET"]}}],"collection":[{"href":"https:\/\/locosmico.com\/es\/wp-json\/wp\/v2\/pages"}],"about":[{"href":"https:\/\/locosmico.com\/es\/wp-json\/wp\/v2\/types\/page"}],"author":[{"embeddable":true,"href":"https:\/\/locosmico.com\/es\/wp-json\/wp\/v2\/users\/10"}],"replies":[{"embeddable":true,"href":"https:\/\/locosmico.com\/es\/wp-json\/wp\/v2\/comments?post=40"}],"version-history":[{"count":15,"href":"https:\/\/locosmico.com\/es\/wp-json\/wp\/v2\/pages\/40\/revisions"}],"predecessor-version":[{"id":608,"href":"https:\/\/locosmico.com\/es\/wp-json\/wp\/v2\/pages\/40\/revisions\/608"}],"wp:attachment":[{"href":"https:\/\/locosmico.com\/es\/wp-json\/wp\/v2\/media?parent=40"}],"curies":[{"name":"wp","href":"https:\/\/api.w.org\/{rel}","templated":true}]}}